{"id":1205,"date":"2025-02-03T19:04:12","date_gmt":"2025-02-03T19:04:12","guid":{"rendered":"https:\/\/openfields.ro\/donate-3-5\/"},"modified":"2026-01-22T08:24:06","modified_gmt":"2026-01-22T08:24:06","slug":"doneaza-3-5","status":"publish","type":"page","link":"https:\/\/openfields.ro\/ro\/doneaza-3-5\/","title":{"rendered":"Doneaz\u0103 3.5%"},"content":{"rendered":"\t\t<div data-elementor-type=\"wp-page\" data-elementor-id=\"1205\" class=\"elementor elementor-1205 elementor-1183\">\n\t\t\t\t<div class=\"wd-negative-gap elementor-element elementor-element-8690f58 wd-section-stretch e-flex e-con-boxed e-con e-parent\" data-id=\"8690f58\" data-element_type=\"container\" data-e-type=\"container\">\n\t\t\t\t\t<div class=\"e-con-inner\">\n\t\t<div class=\"elementor-element elementor-element-53ec5c0 e-con-full e-flex e-con e-child\" data-id=\"53ec5c0\" data-element_type=\"container\" data-e-type=\"container\">\n\t\t\t\t<div class=\"elementor-element elementor-element-51da251 elementor-widget__width-initial elementor-widget-mobile__width-inherit wd-width-100 elementor-widget elementor-widget-wd_title\" data-id=\"51da251\" data-element_type=\"widget\" data-e-type=\"widget\" data-widget_type=\"wd_title.default\">\n\t\t\t\t<div class=\"elementor-widget-container\">\n\t\t\t\t\t\t\t<div class=\"title-wrapper wd-set-mb reset-last-child wd-title-color-default wd-title-style-default wd-title-size-medium text-left\">\n\n\t\t\t\t\t\t\t\t\t\t\t<div class=\"title-subtitle subtitle-color-default subtitle-style-background wd-fontsize-xs\">\n\t\t\t\t\tFii parte din schimbare! \t\t\t\t<\/div>\n\t\t\t\n\t\t\t<div class=\"liner-continer\">\n\t\t\t\t<h4 class=\"woodmart-title-container title wd-fontsize-xl\">Redirec\u021bioneaz\u0103 3,5% c\u0103tre Funda\u021bia Open Fields<\/h4> \n\t\t\t\t\t\t\t<\/div>\n\n\t\t\t\t\t\t\t<div class=\"title-after_title reset-last-child wd-fontsize-s\">\n\t\t\t\t\t<p>La Funda\u021bia Open Fields, avem grij\u0103 de oameni \u0219i de mediul \u00eenconjur\u0103tor. Credem c\u0103 o comunitate responsabil\u0103 \u0219i solidar\u0103 poate crea un mediu mai bun \u0219i vie\u021bi mai \u00eemplinite pe termen lung.<\/p>\t\t\t\t<\/div>\n\t\t\t\t\t<\/div>\n\t\t\t\t\t\t<\/div>\n\t\t\t\t<\/div>\n\t\t\t\t<div class=\"elementor-element elementor-element-d630d72 elementor-widget elementor-widget-wd_image_or_svg\" data-id=\"d630d72\" data-element_type=\"widget\" data-e-type=\"widget\" data-widget_type=\"wd_image_or_svg.default\">\n\t\t\t\t<div class=\"elementor-widget-container\">\n\t\t\t\t\t\n\t\t<div class=\"wd-image text-left\">\n\t\t\t\t\t\t\t\t<img fetchpriority=\"high\" decoding=\"async\" width=\"2000\" height=\"1333\" src=\"https:\/\/openfields.ro\/wp-content\/uploads\/2025\/01\/img_2832-2-6.jpg\" class=\"attachment-full size-full\" alt=\"Flexible donation amount \u2013 secure BT iPay payment\" srcset=\"https:\/\/openfields.ro\/wp-content\/uploads\/2025\/01\/img_2832-2-6.jpg 2000w, https:\/\/openfields.ro\/wp-content\/uploads\/2025\/01\/img_2832-2-6-300x200.jpg 300w, https:\/\/openfields.ro\/wp-content\/uploads\/2025\/01\/img_2832-2-6-768x512.jpg 768w, https:\/\/openfields.ro\/wp-content\/uploads\/2025\/01\/img_2832-2-6-1024x682.jpg 1024w, https:\/\/openfields.ro\/wp-content\/uploads\/2025\/01\/img_2832-2-6-1536x1024.jpg 1536w, https:\/\/openfields.ro\/wp-content\/uploads\/2025\/01\/img_2832-2-6-600x400.jpg 600w, https:\/\/openfields.ro\/wp-content\/uploads\/2025\/01\/img_2832-2-6-150x100.jpg 150w\" sizes=\"(max-width: 2000px) 100vw, 2000px\" \/>\t\t\t\t\t<\/div>\n\n\t\t\t\t\t\t<\/div>\n\t\t\t\t<\/div>\n\t\t\t\t<\/div>\n\t\t<div class=\"elementor-element elementor-element-d65ce98 e-con-full e-flex e-con e-child\" data-id=\"d65ce98\" data-element_type=\"container\" data-e-type=\"container\">\n\t\t<div class=\"elementor-element elementor-element-d488064 e-con-full e-flex e-con e-child\" data-id=\"d488064\" data-element_type=\"container\" data-e-type=\"container\" data-settings=\"{&quot;background_background&quot;:&quot;classic&quot;}\">\n\t\t\t\t<div class=\"elementor-element elementor-element-4014916 wd-width-100 elementor-widget elementor-widget-wd_title\" data-id=\"4014916\" data-element_type=\"widget\" data-e-type=\"widget\" data-widget_type=\"wd_title.default\">\n\t\t\t\t<div class=\"elementor-widget-container\">\n\t\t\t\t\t\t\t<div class=\"title-wrapper wd-set-mb reset-last-child wd-title-color-default wd-title-style-default wd-title-size-medium text-left\">\n\n\t\t\t\n\t\t\t<div class=\"liner-continer\">\n\t\t\t\t<h4 class=\"woodmart-title-container title wd-fontsize-xl\">De ce s\u0103 ne sus\u021bii?<\/h4> \n\t\t\t\t\t\t\t<\/div>\n\n\t\t\t\t\t\t\t<div class=\"title-after_title reset-last-child wd-fontsize-s\">\n\t\t\t\t\t<p>Prin programele noastre, dezvolt\u0103m modele sustenabile pentru comunit\u0103\u021bi \u0219i sprijinim schimbarea mentalit\u0103\u021bilor, educ\u00e2nd oamenii s\u0103 fie mai aten\u021bi, mai genero\u0219i \u0219i mai implica\u021bi. Fiecare contribu\u021bie ne ajut\u0103 s\u0103 transform\u0103m ideile \u00een ac\u021biuni care au un impact real: educa\u021bie pentru viitor, protec\u021bia mediului \u0219i sprijin pentru cei afla\u021bi \u00een nevoie.<\/p>\t\t\t\t<\/div>\n\t\t\t\t\t<\/div>\n\t\t\t\t\t\t<\/div>\n\t\t\t\t<\/div>\n\t\t\t\t<\/div>\n\t\t<div class=\"elementor-element elementor-element-f969eba e-con-full e-flex e-con e-child\" data-id=\"f969eba\" data-element_type=\"container\" data-e-type=\"container\" data-settings=\"{&quot;background_background&quot;:&quot;classic&quot;}\">\n\t\t\t\t<div class=\"elementor-element elementor-element-f1fce07 wd-width-100 elementor-widget elementor-widget-wd_title\" data-id=\"f1fce07\" data-element_type=\"widget\" data-e-type=\"widget\" data-widget_type=\"wd_title.default\">\n\t\t\t\t<div class=\"elementor-widget-container\">\n\t\t\t\t\t\t\t<div class=\"title-wrapper wd-set-mb reset-last-child wd-title-color-default wd-title-style-default wd-title-size-medium text-left\">\n\n\t\t\t\n\t\t\t<div class=\"liner-continer\">\n\t\t\t\t<h4 class=\"woodmart-title-container title wd-fontsize-xl\">Cum func\u021bioneaz\u0103?<\/h4> \n\t\t\t\t\t\t\t<\/div>\n\n\t\t\t\t\t\t\t<div class=\"title-after_title reset-last-child wd-fontsize-s\">\n\t\t\t\t\t<p>Redirec\u021bion\u00e2nd 3,5% din impozitul pe venit, po\u021bi sus\u021bine misiunea noastr\u0103 f\u0103r\u0103 niciun cost suplimentar pentru tine. Este simplu, rapid \u0219i esen\u021bial pentru a continua proiectele care inspir\u0103 \u0219i schimb\u0103 vie\u021bi.<\/p>\t\t\t\t<\/div>\n\t\t\t\t\t<\/div>\n\t\t\t\t\t\t<\/div>\n\t\t\t\t<\/div>\n\t\t\t\t<\/div>\n\t\t\t\t<\/div>\n\t\t<div class=\"elementor-element elementor-element-9b96fb2 e-con-full e-flex e-con e-child\" data-id=\"9b96fb2\" data-element_type=\"container\" data-e-type=\"container\">\n\t\t\t\t<div class=\"elementor-element elementor-element-437facc elementor-widget__width-initial elementor-widget-mobile__width-inherit wd-width-100 elementor-widget elementor-widget-wd_title\" data-id=\"437facc\" data-element_type=\"widget\" data-e-type=\"widget\" data-widget_type=\"wd_title.default\">\n\t\t\t\t<div class=\"elementor-widget-container\">\n\t\t\t\t\t\t\t<div class=\"title-wrapper wd-set-mb reset-last-child wd-title-color-default wd-title-style-default wd-title-size-medium text-left\">\n\n\t\t\t\n\t\t\t<div class=\"liner-continer\">\n\t\t\t\t<h4 class=\"woodmart-title-container title wd-fontsize-xl\">Cum po\u021bi redirec\u021biona?<\/h4> \n\t\t\t\t\t\t\t<\/div>\n\n\t\t\t\t\t<\/div>\n\t\t\t\t\t\t<\/div>\n\t\t\t\t<\/div>\n\t\t\t\t<div class=\"elementor-element elementor-element-82aeb54 elementor-widget elementor-widget-wd_list\" data-id=\"82aeb54\" data-element_type=\"widget\" data-e-type=\"widget\" data-widget_type=\"wd_list.default\">\n\t\t\t\t<div class=\"elementor-widget-container\">\n\t\t\t\t\t\t\t<ul class=\"wd-list color-scheme- wd-fontsize-s wd-type-ordered wd-style-default text-left\">\n\t\t\t\t\t\t\t\t\t\t\t<li class=\"elementor-repeater-item-3d822bb\">\n\t\t\t\t\t\t\t\t\t\t\t<span class=\"wd-icon\"><\/span>\t\t\t\t\t\n\t\t\t\t\t<span class=\"wd-list-content list-content\">\n\t\t\t\t\t\tCompleteaz\u0103 \u0219i semneaz\u0103 formularul de mai jos (\u00eentr-un minut) p\u00e2n\u0103 pe 18 mai 2026;\t\t\t\t\t<\/span>\n\n\t\t\t\t\t\n\t\t\t\t\t\t<a  href=\"#formular\" class=\"wd-fill\" aria-label=\"List item link\"><\/a>\n\t\t\t\t\t\t\t\t\t<\/li>\n\t\t\t\t\t\t\t\t\t\t\t<li class=\"elementor-repeater-item-9a228fe\">\n\t\t\t\t\t\t\t\t\t\t\t<span class=\"wd-icon\"><\/span>\t\t\t\t\t\n\t\t\t\t\t<span class=\"wd-list-content list-content\">\n\t\t\t\t\t\tAlege perioada redirec\u021bion\u0103rii (1 an sau 2 ani);\t\t\t\t\t<\/span>\n\n\t\t\t\t\t\t\t\t\t<\/li>\n\t\t\t\t\t\t\t\t\t\t\t<li class=\"elementor-repeater-item-3bdd75f\">\n\t\t\t\t\t\t\t\t\t\t\t<span class=\"wd-icon\"><\/span>\t\t\t\t\t\n\t\t\t\t\t<span class=\"wd-list-content list-content\">\n\t\t\t\t\t\tSalveaz\u0103 formularul \u00een format PDF \u0219i trimite-l la adresa office@openfields.ro (de restul ne ocup\u0103m noi);\t\t\t\t\t<\/span>\n\n\t\t\t\t\t\t\t\t\t<\/li>\n\t\t\t\t\t<\/ul>\n\n\t\t\t\t\t\t<\/div>\n\t\t\t\t<\/div>\n\t\t\t\t<\/div>\n\t\t<div class=\"elementor-element elementor-element-d6a3d0d e-con-full e-flex e-con e-child\" data-id=\"d6a3d0d\" data-element_type=\"container\" data-e-type=\"container\">\n\t\t\t\t<div class=\"elementor-element elementor-element-17d89e3 elementor-widget__width-initial elementor-widget-mobile__width-inherit wd-width-100 elementor-widget elementor-widget-wd_title\" data-id=\"17d89e3\" data-element_type=\"widget\" data-e-type=\"widget\" data-widget_type=\"wd_title.default\">\n\t\t\t\t<div class=\"elementor-widget-container\">\n\t\t\t\t\t\t\t<div class=\"title-wrapper wd-set-mb reset-last-child wd-title-color-default wd-title-style-default wd-title-size-medium text-left\">\n\n\t\t\t\n\t\t\t<div class=\"liner-continer\">\n\t\t\t\t<h4 class=\"woodmart-title-container title wd-fontsize-xl\">\u00cempreun\u0103 putem face mai mult!<\/h4> \n\t\t\t\t\t\t\t<\/div>\n\n\t\t\t\t\t\t\t<div class=\"title-after_title reset-last-child wd-fontsize-s\">\n\t\t\t\t\t<p>Al\u0103tur\u0103-te nou\u0103 \u00een misiunea de a responsabiliza \u0219i transforma comunit\u0103\u021bile. Redirec\u021bioneaz\u0103 3,5% \u0219i fii parte din schimbare!<\/p>\t\t\t\t<\/div>\n\t\t\t\t\t<\/div>\n\t\t\t\t\t\t<\/div>\n\t\t\t\t<\/div>\n\t\t\t\t<div class=\"elementor-element elementor-element-ba28604 elementor-widget elementor-widget-wd_text_block\" data-id=\"ba28604\" data-element_type=\"widget\" data-e-type=\"widget\" data-widget_type=\"wd_text_block.default\">\n\t\t\t\t<div class=\"elementor-widget-container\">\n\t\t\t\t\t\t\t<div class=\"wd-text-block reset-last-child text-left\">\n\t\t\t\n\t\t\t<p>Po\u021bi redirec\u021biona 3,5% dac\u0103 \u00een anul 2025 ai avut venituri din salarii \u0219i asimilate, pensii, \u0219i\/sau din activit\u0103\u0163i independente realizate \u00een baza contractelor de activitate sportiv\u0103 pentru care impozitul s-a re\u021binut la surs\u0103.<\/p><p><strong>Mai multe detalii po\u021bi ob\u021bine la <a href=\"mailto:office@openfields.ro\"><span style=\"text-decoration: underline;\"><span style=\"color: #3366ff; text-decoration: underline;\">office@openfields.ro<\/span><\/span><\/a><\/strong><\/p>\n\t\t\t\t\t<\/div>\n\t\t\t\t\t\t<\/div>\n\t\t\t\t<\/div>\n\t\t\t\t<\/div>\n\t\t\t\t\t<\/div>\n\t\t\t\t<\/div>\n\t\t<div class=\"wd-negative-gap elementor-element elementor-element-bf412e7 wd-section-stretch e-flex e-con-boxed e-con e-parent\" data-id=\"bf412e7\" data-element_type=\"container\" data-e-type=\"container\" data-settings=\"{&quot;background_background&quot;:&quot;classic&quot;}\">\n\t\t\t\t\t<div class=\"e-con-inner\">\n\t\t\t\t<div class=\"elementor-element elementor-element-ce4feed elementor-widget elementor-widget-wd_text_block\" data-id=\"ce4feed\" data-element_type=\"widget\" data-e-type=\"widget\" data-widget_type=\"wd_text_block.default\">\n\t\t\t\t<div class=\"elementor-widget-container\">\n\t\t\t\t\t\t\t<div class=\"wd-text-block reset-last-child text-center\">\n\t\t\t\n\t\t\t<p>\u00cen cazul \u00een care ai depus deja formularul po\u021bi face o <a href=\"\/donate-online\/\"><strong><span style=\"color: #3366ff;\">Dona\u021bie Online<\/span><\/strong><\/a> direct \u00een contul nostru bancar, iar dac\u0103 e\u0219ti antreprenor po\u021bi alege s\u0103 optezi pentru o <a href=\"\/sponsorships\/\"><strong><span style=\"color: #3366ff;\">Sponsorizare<\/span><\/strong><\/a>.<\/p><p><strong>Mul\u021bumim frumos!<\/strong><\/p>\n\t\t\t\t\t<\/div>\n\t\t\t\t\t\t<\/div>\n\t\t\t\t<\/div>\n\t\t\t\t\t<\/div>\n\t\t\t\t<\/div>\n\t\t<div class=\"elementor-element elementor-element-34293c7 e-flex e-con-boxed e-con e-parent\" data-id=\"34293c7\" data-element_type=\"container\" data-e-type=\"container\" id=\"formular\">\n\t\t\t\t\t<div class=\"e-con-inner\">\n\t\t\t\t<div class=\"elementor-element elementor-element-860c5e4 elementor-widget elementor-widget-html\" data-id=\"860c5e4\" data-element_type=\"widget\" data-e-type=\"widget\" data-widget_type=\"html.default\">\n\t\t\t\t<div class=\"elementor-widget-container\">\n\t\t\t\t\t<div class=\"f230ro-formular\"><\/div>\n<script src=\"https:\/\/formular230.ro\/share\/768f1282756\"><\/script>\t\t\t\t<\/div>\n\t\t\t\t<\/div>\n\t\t\t\t<div class=\"elementor-element elementor-element-3c7dc40 elementor-widget elementor-widget-wd_text_block\" data-id=\"3c7dc40\" data-element_type=\"widget\" data-e-type=\"widget\" data-widget_type=\"wd_text_block.default\">\n\t\t\t\t<div class=\"elementor-widget-container\">\n\t\t\t\t\t\t\t<div class=\"wd-text-block reset-last-child text-left\">\n\t\t\t\n\t\t\t<p>Dac\u0103 \u00een 2025 ai avut (\u015fi) venituri din alte surse (cedarea folosin\u0163ei bunurilor, PFA, drepturi de autor etc.), completezi <span style=\"color: #0000ff;\"><strong><a style=\"color: #0000ff;\" href=\"https:\/\/static.anaf.ro\/static\/10\/Anaf\/Declaratii_R\/declaratie_unica.html\" target=\"_blank\" rel=\"noopener\">declara\u021bia unic\u0103<\/a>\u00a0<\/strong> <\/span>privind impozitul pe venit. La capitolul 1 se completeaz\u0103 anul 2025, se bifeaz\u0103 c\u0103su\u021ba de la sec\u021biunea I.6. Se va activa pagina necesar\u0103 complet\u0103rii datelor pentru redirec\u021bionarea a 3,5% din impozitul pe venit.<\/p><p>Astfel, la sec\u021biunea I.6.1 pct.A.1. bifeaz\u0103 c\u0103su\u021ba, iar la I.6.2 completeaz\u0103 datele noastre:<\/p><p><strong>Funda\u021bia OPENFIELDS<\/strong><br \/><strong>CUI: 11182595<\/strong><br \/><strong>CONT RON: RO08INGB0003008132398912<\/strong><\/p>\n\t\t\t\t\t<\/div>\n\t\t\t\t\t\t<\/div>\n\t\t\t\t<\/div>\n\t\t\t\t\t<\/div>\n\t\t\t\t<\/div>\n\t\t\t\t<\/div>\n\t\t","protected":false},"excerpt":{"rendered":"<p>Fii parte din schimbare! Redirec\u021bioneaz\u0103 3,5% c\u0103tre Funda\u021bia Open Fields La Funda\u021bia Open Fields, avem grij\u0103 de oameni \u0219i de<\/p>\n","protected":false},"author":1,"featured_media":0,"parent":0,"menu_order":0,"comment_status":"closed","ping_status":"closed","template":"elementor_header_footer","meta":{"footnotes":""},"class_list":["post-1205","page","type-page","status-publish","hentry"],"yoast_head":"<!-- This site is optimized with the Yoast SEO plugin v27.5 - https:\/\/yoast.com\/product\/yoast-seo-wordpress\/ -->\n<title>Doneaz\u0103 3.5% - OPEN FIELDS Foundation<\/title>\n<meta name=\"robots\" content=\"index, follow, max-snippet:-1, max-image-preview:large, max-video-preview:-1\" \/>\n<link rel=\"canonical\" href=\"https:\/\/openfields.ro\/ro\/doneaza-3-5\/\" \/>\n<meta property=\"og:locale\" content=\"ro_RO\" \/>\n<meta property=\"og:type\" content=\"article\" \/>\n<meta property=\"og:title\" content=\"Doneaz\u0103 3.5% - OPEN FIELDS Foundation\" \/>\n<meta property=\"og:description\" content=\"Fii parte din schimbare! Redirec\u021bioneaz\u0103 3,5% c\u0103tre Funda\u021bia Open Fields La Funda\u021bia Open Fields, avem grij\u0103 de oameni \u0219i de\" \/>\n<meta property=\"og:url\" content=\"https:\/\/openfields.ro\/ro\/doneaza-3-5\/\" \/>\n<meta property=\"og:site_name\" content=\"OPEN FIELDS Foundation\" \/>\n<meta property=\"article:publisher\" content=\"https:\/\/www.facebook.com\/OpenFieldsCluj\" \/>\n<meta property=\"article:modified_time\" content=\"2026-01-22T08:24:06+00:00\" \/>\n<meta property=\"og:image\" content=\"https:\/\/openfields.ro\/wp-content\/uploads\/2025\/01\/img_2832-2-6.jpg\" \/>\n<meta name=\"twitter:card\" content=\"summary_large_image\" \/>\n<meta name=\"twitter:label1\" content=\"Timp estimat pentru citire\" \/>\n\t<meta name=\"twitter:data1\" content=\"3 minute\" \/>\n<script type=\"application\/ld+json\" class=\"yoast-schema-graph\">{\"@context\":\"https:\\\/\\\/schema.org\",\"@graph\":[{\"@type\":\"WebPage\",\"@id\":\"https:\\\/\\\/openfields.ro\\\/ro\\\/doneaza-3-5\\\/\",\"url\":\"https:\\\/\\\/openfields.ro\\\/ro\\\/doneaza-3-5\\\/\",\"name\":\"Doneaz\u0103 3.5% - OPEN FIELDS Foundation\",\"isPartOf\":{\"@id\":\"https:\\\/\\\/openfields.ro\\\/ro\\\/#website\"},\"primaryImageOfPage\":{\"@id\":\"https:\\\/\\\/openfields.ro\\\/ro\\\/doneaza-3-5\\\/#primaryimage\"},\"image\":{\"@id\":\"https:\\\/\\\/openfields.ro\\\/ro\\\/doneaza-3-5\\\/#primaryimage\"},\"thumbnailUrl\":\"https:\\\/\\\/openfields.ro\\\/wp-content\\\/uploads\\\/2025\\\/01\\\/img_2832-2-6.jpg\",\"datePublished\":\"2025-02-03T19:04:12+00:00\",\"dateModified\":\"2026-01-22T08:24:06+00:00\",\"breadcrumb\":{\"@id\":\"https:\\\/\\\/openfields.ro\\\/ro\\\/doneaza-3-5\\\/#breadcrumb\"},\"inLanguage\":\"ro-RO\",\"potentialAction\":[{\"@type\":\"ReadAction\",\"target\":[\"https:\\\/\\\/openfields.ro\\\/ro\\\/doneaza-3-5\\\/\"]}]},{\"@type\":\"ImageObject\",\"inLanguage\":\"ro-RO\",\"@id\":\"https:\\\/\\\/openfields.ro\\\/ro\\\/doneaza-3-5\\\/#primaryimage\",\"url\":\"https:\\\/\\\/openfields.ro\\\/wp-content\\\/uploads\\\/2025\\\/01\\\/img_2832-2-6.jpg\",\"contentUrl\":\"https:\\\/\\\/openfields.ro\\\/wp-content\\\/uploads\\\/2025\\\/01\\\/img_2832-2-6.jpg\"},{\"@type\":\"BreadcrumbList\",\"@id\":\"https:\\\/\\\/openfields.ro\\\/ro\\\/doneaza-3-5\\\/#breadcrumb\",\"itemListElement\":[{\"@type\":\"ListItem\",\"position\":1,\"name\":\"Home\",\"item\":\"https:\\\/\\\/openfields.ro\\\/ro\\\/\"},{\"@type\":\"ListItem\",\"position\":2,\"name\":\"Doneaz\u0103 3.5%\"}]},{\"@type\":\"WebSite\",\"@id\":\"https:\\\/\\\/openfields.ro\\\/ro\\\/#website\",\"url\":\"https:\\\/\\\/openfields.ro\\\/ro\\\/\",\"name\":\"OPEN FIELDS Foundation\",\"description\":\"Caring for people and the enviroment\",\"publisher\":{\"@id\":\"https:\\\/\\\/openfields.ro\\\/ro\\\/#organization\"},\"alternateName\":\"Fundatia Open Fields\",\"potentialAction\":[{\"@type\":\"SearchAction\",\"target\":{\"@type\":\"EntryPoint\",\"urlTemplate\":\"https:\\\/\\\/openfields.ro\\\/ro\\\/?s={search_term_string}\"},\"query-input\":{\"@type\":\"PropertyValueSpecification\",\"valueRequired\":true,\"valueName\":\"search_term_string\"}}],\"inLanguage\":\"ro-RO\"},{\"@type\":\"Organization\",\"@id\":\"https:\\\/\\\/openfields.ro\\\/ro\\\/#organization\",\"name\":\"OPEN FIELDS Foundation\",\"url\":\"https:\\\/\\\/openfields.ro\\\/ro\\\/\",\"logo\":{\"@type\":\"ImageObject\",\"inLanguage\":\"ro-RO\",\"@id\":\"https:\\\/\\\/openfields.ro\\\/ro\\\/#\\\/schema\\\/logo\\\/image\\\/\",\"url\":\"https:\\\/\\\/openfields.ro\\\/wp-content\\\/uploads\\\/2025\\\/01\\\/Logo-Open-Fields-EN-Positive.png\",\"contentUrl\":\"https:\\\/\\\/openfields.ro\\\/wp-content\\\/uploads\\\/2025\\\/01\\\/Logo-Open-Fields-EN-Positive.png\",\"width\":2260,\"height\":600,\"caption\":\"OPEN FIELDS Foundation\"},\"image\":{\"@id\":\"https:\\\/\\\/openfields.ro\\\/ro\\\/#\\\/schema\\\/logo\\\/image\\\/\"},\"sameAs\":[\"https:\\\/\\\/www.facebook.com\\\/OpenFieldsCluj\",\"https:\\\/\\\/www.instagram.com\\\/fundatiaopenfields\\\/\"]}]}<\/script>\n<!-- \/ Yoast SEO plugin. -->","yoast_head_json":{"title":"Doneaz\u0103 3.5% - OPEN FIELDS Foundation","robots":{"index":"index","follow":"follow","max-snippet":"max-snippet:-1","max-image-preview":"max-image-preview:large","max-video-preview":"max-video-preview:-1"},"canonical":"https:\/\/openfields.ro\/ro\/doneaza-3-5\/","og_locale":"ro_RO","og_type":"article","og_title":"Doneaz\u0103 3.5% - OPEN FIELDS Foundation","og_description":"Fii parte din schimbare! Redirec\u021bioneaz\u0103 3,5% c\u0103tre Funda\u021bia Open Fields La Funda\u021bia Open Fields, avem grij\u0103 de oameni \u0219i de","og_url":"https:\/\/openfields.ro\/ro\/doneaza-3-5\/","og_site_name":"OPEN FIELDS Foundation","article_publisher":"https:\/\/www.facebook.com\/OpenFieldsCluj","article_modified_time":"2026-01-22T08:24:06+00:00","og_image":[{"url":"https:\/\/openfields.ro\/wp-content\/uploads\/2025\/01\/img_2832-2-6.jpg","type":"","width":"","height":""}],"twitter_card":"summary_large_image","twitter_misc":{"Timp estimat pentru citire":"3 minute"},"schema":{"@context":"https:\/\/schema.org","@graph":[{"@type":"WebPage","@id":"https:\/\/openfields.ro\/ro\/doneaza-3-5\/","url":"https:\/\/openfields.ro\/ro\/doneaza-3-5\/","name":"Doneaz\u0103 3.5% - OPEN FIELDS Foundation","isPartOf":{"@id":"https:\/\/openfields.ro\/ro\/#website"},"primaryImageOfPage":{"@id":"https:\/\/openfields.ro\/ro\/doneaza-3-5\/#primaryimage"},"image":{"@id":"https:\/\/openfields.ro\/ro\/doneaza-3-5\/#primaryimage"},"thumbnailUrl":"https:\/\/openfields.ro\/wp-content\/uploads\/2025\/01\/img_2832-2-6.jpg","datePublished":"2025-02-03T19:04:12+00:00","dateModified":"2026-01-22T08:24:06+00:00","breadcrumb":{"@id":"https:\/\/openfields.ro\/ro\/doneaza-3-5\/#breadcrumb"},"inLanguage":"ro-RO","potentialAction":[{"@type":"ReadAction","target":["https:\/\/openfields.ro\/ro\/doneaza-3-5\/"]}]},{"@type":"ImageObject","inLanguage":"ro-RO","@id":"https:\/\/openfields.ro\/ro\/doneaza-3-5\/#primaryimage","url":"https:\/\/openfields.ro\/wp-content\/uploads\/2025\/01\/img_2832-2-6.jpg","contentUrl":"https:\/\/openfields.ro\/wp-content\/uploads\/2025\/01\/img_2832-2-6.jpg"},{"@type":"BreadcrumbList","@id":"https:\/\/openfields.ro\/ro\/doneaza-3-5\/#breadcrumb","itemListElement":[{"@type":"ListItem","position":1,"name":"Home","item":"https:\/\/openfields.ro\/ro\/"},{"@type":"ListItem","position":2,"name":"Doneaz\u0103 3.5%"}]},{"@type":"WebSite","@id":"https:\/\/openfields.ro\/ro\/#website","url":"https:\/\/openfields.ro\/ro\/","name":"OPEN FIELDS Foundation","description":"Caring for people and the enviroment","publisher":{"@id":"https:\/\/openfields.ro\/ro\/#organization"},"alternateName":"Fundatia Open Fields","potentialAction":[{"@type":"SearchAction","target":{"@type":"EntryPoint","urlTemplate":"https:\/\/openfields.ro\/ro\/?s={search_term_string}"},"query-input":{"@type":"PropertyValueSpecification","valueRequired":true,"valueName":"search_term_string"}}],"inLanguage":"ro-RO"},{"@type":"Organization","@id":"https:\/\/openfields.ro\/ro\/#organization","name":"OPEN FIELDS Foundation","url":"https:\/\/openfields.ro\/ro\/","logo":{"@type":"ImageObject","inLanguage":"ro-RO","@id":"https:\/\/openfields.ro\/ro\/#\/schema\/logo\/image\/","url":"https:\/\/openfields.ro\/wp-content\/uploads\/2025\/01\/Logo-Open-Fields-EN-Positive.png","contentUrl":"https:\/\/openfields.ro\/wp-content\/uploads\/2025\/01\/Logo-Open-Fields-EN-Positive.png","width":2260,"height":600,"caption":"OPEN FIELDS Foundation"},"image":{"@id":"https:\/\/openfields.ro\/ro\/#\/schema\/logo\/image\/"},"sameAs":["https:\/\/www.facebook.com\/OpenFieldsCluj","https:\/\/www.instagram.com\/fundatiaopenfields\/"]}]}},"_links":{"self":[{"href":"https:\/\/openfields.ro\/ro\/wp-json\/wp\/v2\/pages\/1205","targetHints":{"allow":["GET"]}}],"collection":[{"href":"https:\/\/openfields.ro\/ro\/wp-json\/wp\/v2\/pages"}],"about":[{"href":"https:\/\/openfields.ro\/ro\/wp-json\/wp\/v2\/types\/page"}],"author":[{"embeddable":true,"href":"https:\/\/openfields.ro\/ro\/wp-json\/wp\/v2\/users\/1"}],"replies":[{"embeddable":true,"href":"https:\/\/openfields.ro\/ro\/wp-json\/wp\/v2\/comments?post=1205"}],"version-history":[{"count":3,"href":"https:\/\/openfields.ro\/ro\/wp-json\/wp\/v2\/pages\/1205\/revisions"}],"predecessor-version":[{"id":4038,"href":"https:\/\/openfields.ro\/ro\/wp-json\/wp\/v2\/pages\/1205\/revisions\/4038"}],"wp:attachment":[{"href":"https:\/\/openfields.ro\/ro\/wp-json\/wp\/v2\/media?parent=1205"}],"curies":[{"name":"wp","href":"https:\/\/api.w.org\/{rel}","templated":true}]}}