{"id":1219,"date":"2025-02-03T19:03:57","date_gmt":"2025-02-03T19:03:57","guid":{"rendered":"https:\/\/openfields.ro\/donate-online\/"},"modified":"2025-12-18T11:11:30","modified_gmt":"2025-12-18T11:11:30","slug":"doneaza-online","status":"publish","type":"page","link":"https:\/\/openfields.ro\/ro\/doneaza-online\/","title":{"rendered":"Doneaz\u0103 online"},"content":{"rendered":"\t\t<div data-elementor-type=\"wp-page\" data-elementor-id=\"1219\" class=\"elementor elementor-1219 elementor-1181\">\n\t\t\t\t<div class=\"wd-negative-gap elementor-element elementor-element-ffc9e5b wd-section-stretch e-flex e-con-boxed e-con e-parent\" data-id=\"ffc9e5b\" data-element_type=\"container\" data-e-type=\"container\">\n\t\t\t\t\t<div class=\"e-con-inner\">\n\t\t<div class=\"elementor-element elementor-element-0088ecf e-con-full e-flex e-con e-child\" data-id=\"0088ecf\" data-element_type=\"container\" data-e-type=\"container\">\n\t\t\t\t<div class=\"elementor-element elementor-element-223a9c3 elementor-widget__width-initial elementor-widget-mobile__width-inherit wd-width-100 elementor-widget elementor-widget-wd_title\" data-id=\"223a9c3\" data-element_type=\"widget\" data-e-type=\"widget\" data-widget_type=\"wd_title.default\">\n\t\t\t\t<div class=\"elementor-widget-container\">\n\t\t\t\t\t\t\t<div class=\"title-wrapper wd-set-mb reset-last-child wd-title-color-default wd-title-style-default wd-title-size-medium text-left\">\n\n\t\t\t\n\t\t\t<div class=\"liner-continer\">\n\t\t\t\t<h4 class=\"woodmart-title-container title wd-fontsize-xl\">Vrei s\u0103 contribui la grija pentru oameni \u0219i mediul \u00eenconjur\u0103tor?<\/h4> \n\t\t\t\t\t\t\t<\/div>\n\n\t\t\t\t\t<\/div>\n\t\t\t\t\t\t<\/div>\n\t\t\t\t<\/div>\n\t\t\t\t<div class=\"elementor-element elementor-element-d09d48f elementor-widget elementor-widget-wd_text_block\" data-id=\"d09d48f\" data-element_type=\"widget\" data-e-type=\"widget\" data-widget_type=\"wd_text_block.default\">\n\t\t\t\t<div class=\"elementor-widget-container\">\n\t\t\t\t\t\t\t<div class=\"wd-text-block reset-last-child text-left\">\n\t\t\t\n\t\t\t<p>La Funda\u021bia Open Fields ac\u021bion\u0103m pentru a sprijini comunit\u0103\u021bile \u00een \u00eembun\u0103t\u0103\u021birea condi\u021biilor de via\u021b\u0103 \u0219i a proteja mediul \u00eenconjur\u0103tor. Prin programele noastre, sprijinim comunit\u0103\u021bi vulnerabile, oferim educa\u021bie pentru un viitor mai bun \u0219i derul\u0103m ini\u021biative sustenabile pentru un mediu mai curat.<\/p>\n\t\t\t\t\t<\/div>\n\t\t\t\t\t\t<\/div>\n\t\t\t\t<\/div>\n\t\t\t\t<\/div>\n\t\t\t\t<div class=\"elementor-element elementor-element-a66e038 elementor-widget elementor-widget-spacer\" data-id=\"a66e038\" data-element_type=\"widget\" data-e-type=\"widget\" data-widget_type=\"spacer.default\">\n\t\t\t\t<div class=\"elementor-widget-container\">\n\t\t\t\t\t\t\t<div class=\"elementor-spacer\">\n\t\t\t<div class=\"elementor-spacer-inner\"><\/div>\n\t\t<\/div>\n\t\t\t\t\t\t<\/div>\n\t\t\t\t<\/div>\n\t\t<div class=\"elementor-element elementor-element-db63ca9 e-con-full e-flex e-con e-child\" data-id=\"db63ca9\" data-element_type=\"container\" data-e-type=\"container\">\n\t\t\t\t<div class=\"elementor-element elementor-element-e80cf86 wd-width-100 elementor-widget elementor-widget-wd_title\" data-id=\"e80cf86\" data-element_type=\"widget\" data-e-type=\"widget\" data-widget_type=\"wd_title.default\">\n\t\t\t\t<div class=\"elementor-widget-container\">\n\t\t\t\t\t\t\t<div class=\"title-wrapper wd-set-mb reset-last-child wd-title-color-default wd-title-style-bordered wd-title-size-medium text-center\">\n\n\t\t\t\n\t\t\t<div class=\"liner-continer\">\n\t\t\t\t<h4 class=\"woodmart-title-container title wd-fontsize-xl\">Cum ajut\u0103 dona\u021bia ta?<\/h4> \n\t\t\t\t\t\t\t<\/div>\n\n\t\t\t\t\t<\/div>\n\t\t\t\t\t\t<\/div>\n\t\t\t\t<\/div>\n\t\t<div class=\"elementor-element elementor-element-c8a0a38 e-con-full e-flex e-con e-child\" data-id=\"c8a0a38\" data-element_type=\"container\" data-e-type=\"container\">\n\t\t<div class=\"elementor-element elementor-element-47d449a e-con-full e-flex e-con e-child\" data-id=\"47d449a\" data-element_type=\"container\" data-e-type=\"container\" data-settings=\"{&quot;background_background&quot;:&quot;classic&quot;}\">\n\t\t\t\t<div class=\"elementor-element elementor-element-b4ce135 wd-width-100 elementor-widget elementor-widget-wd_title\" data-id=\"b4ce135\" data-element_type=\"widget\" data-e-type=\"widget\" data-widget_type=\"wd_title.default\">\n\t\t\t\t<div class=\"elementor-widget-container\">\n\t\t\t\t\t\t\t<div class=\"title-wrapper wd-set-mb reset-last-child wd-title-color-default wd-title-style-default wd-title-size-default text-left\">\n\n\t\t\t\n\t\t\t<div class=\"liner-continer\">\n\t\t\t\t<h4 class=\"woodmart-title-container title wd-fontsize-l\">\ud83d\udc9a Educa\u021bie \u0219i oportunit\u0103\u021bi pentru elevi \u0219i profesori<\/h4> \n\t\t\t\t\t\t\t<\/div>\n\n\t\t\t\t\t\t\t<div class=\"title-after_title reset-last-child wd-fontsize-xs\">\n\t\t\t\t\t<ul><li>sus\u021binem reintegrarea \u0219colar\u0103 a elevilor din medii vulnerabile;<\/li><li>organiz\u0103m sesiuni de dezvoltare personal\u0103 \u0219i consiliere voca\u021bional\u0103;<\/li><\/ul>\t\t\t\t<\/div>\n\t\t\t\t\t<\/div>\n\t\t\t\t\t\t<\/div>\n\t\t\t\t<\/div>\n\t\t\t\t<\/div>\n\t\t<div class=\"elementor-element elementor-element-3e78614 e-con-full e-flex e-con e-child\" data-id=\"3e78614\" data-element_type=\"container\" data-e-type=\"container\" data-settings=\"{&quot;background_background&quot;:&quot;classic&quot;}\">\n\t\t\t\t<div class=\"elementor-element elementor-element-633460d wd-width-100 elementor-widget elementor-widget-wd_title\" data-id=\"633460d\" data-element_type=\"widget\" data-e-type=\"widget\" data-widget_type=\"wd_title.default\">\n\t\t\t\t<div class=\"elementor-widget-container\">\n\t\t\t\t\t\t\t<div class=\"title-wrapper wd-set-mb reset-last-child wd-title-color-default wd-title-style-default wd-title-size-default text-left\">\n\n\t\t\t\n\t\t\t<div class=\"liner-continer\">\n\t\t\t\t<h4 class=\"woodmart-title-container title wd-fontsize-l\">\ud83c\udf31 Protejarea mediului \u0219i responsabilizarea comunit\u0103\u021bilor<\/h4> \n\t\t\t\t\t\t\t<\/div>\n\n\t\t\t\t\t\t\t<div class=\"title-after_title reset-last-child wd-fontsize-xs\">\n\t\t\t\t\t<ul><li>derul\u0103m proiecte de igienizare \u0219i reciclare \u00een comunit\u0103\u021bi;<\/li><li>promov\u0103m practici sustenabile pentru un mediu mai s\u0103n\u0103tos;<\/li><\/ul>\t\t\t\t<\/div>\n\t\t\t\t\t<\/div>\n\t\t\t\t\t\t<\/div>\n\t\t\t\t<\/div>\n\t\t\t\t<\/div>\n\t\t<div class=\"elementor-element elementor-element-d9777ae e-con-full e-flex e-con e-child\" data-id=\"d9777ae\" data-element_type=\"container\" data-e-type=\"container\" data-settings=\"{&quot;background_background&quot;:&quot;classic&quot;}\">\n\t\t\t\t<div class=\"elementor-element elementor-element-ad52132 wd-width-100 elementor-widget elementor-widget-wd_title\" data-id=\"ad52132\" data-element_type=\"widget\" data-e-type=\"widget\" data-widget_type=\"wd_title.default\">\n\t\t\t\t<div class=\"elementor-widget-container\">\n\t\t\t\t\t\t\t<div class=\"title-wrapper wd-set-mb reset-last-child wd-title-color-default wd-title-style-default wd-title-size-default text-left\">\n\n\t\t\t\n\t\t\t<div class=\"liner-continer\">\n\t\t\t\t<h4 class=\"woodmart-title-container title wd-fontsize-l\">\ud83e\udd1d Sprijin pentru familiile aflate \u00een dificultate<\/h4> \n\t\t\t\t\t\t\t<\/div>\n\n\t\t\t\t\t\t\t<div class=\"title-after_title reset-last-child wd-fontsize-xs\">\n\t\t\t\t\t<ul><li>oferim suport educa\u021bional pentru copii \u0219i p\u0103rin\u021bi;<\/li><li>cre\u0103m contexte \u00een care comunit\u0103\u021bile s\u0103 colaboreze \u0219i s\u0103 se dezvolte \u00eempreun\u0103;<\/li><\/ul>\t\t\t\t<\/div>\n\t\t\t\t\t<\/div>\n\t\t\t\t\t\t<\/div>\n\t\t\t\t<\/div>\n\t\t\t\t<\/div>\n\t\t\t\t<\/div>\n\t\t\t\t<\/div>\n\t\t<div class=\"elementor-element elementor-element-c279282 e-con-full e-flex e-con e-child\" data-id=\"c279282\" data-element_type=\"container\" data-e-type=\"container\">\n\t\t\t\t<div class=\"elementor-element elementor-element-f4a9e7c elementor-widget__width-initial elementor-widget-mobile__width-inherit wd-width-100 elementor-widget elementor-widget-wd_title\" data-id=\"f4a9e7c\" data-element_type=\"widget\" data-e-type=\"widget\" data-widget_type=\"wd_title.default\">\n\t\t\t\t<div class=\"elementor-widget-container\">\n\t\t\t\t\t\t\t<div class=\"title-wrapper wd-set-mb reset-last-child wd-title-color-default wd-title-style-default wd-title-size-medium text-left\">\n\n\t\t\t\n\t\t\t<div class=\"liner-continer\">\n\t\t\t\t<h4 class=\"woodmart-title-container title wd-fontsize-xl\">Cum po\u021bi dona?<\/h4> \n\t\t\t\t\t\t\t<\/div>\n\n\t\t\t\t\t\t\t<div class=\"title-after_title reset-last-child wd-fontsize-s\">\n\t\t\t\t\t<p>Momentan, po\u021bi sprijini activitatea Funda\u021biei Open Fields printr-o dona\u021bie direct\u0103 \u00een contul bancar:<\/p>\t\t\t\t<\/div>\n\t\t\t\t\t<\/div>\n\t\t\t\t\t\t<\/div>\n\t\t\t\t<\/div>\n\t\t\t\t<div class=\"elementor-element elementor-element-1c26afd elementor-widget elementor-widget-wd_text_block\" data-id=\"1c26afd\" data-element_type=\"widget\" data-e-type=\"widget\" data-widget_type=\"wd_text_block.default\">\n\t\t\t\t<div class=\"elementor-widget-container\">\n\t\t\t\t\t\t\t<div class=\"wd-text-block reset-last-child text-left\">\n\t\t\t\n\t\t\t<p>\ud83d\udd39 Denumire organiza\u021bie: Funda\u021bia Open Fields<\/p><p>\ud83d\udd39 IBAN RON: RO 08 INGB 0003 0081 3239 8912<\/p><p>\ud83d\udd39 IBAN EUR: RO 54 INGB 0003 0081 3239 0712<\/p><p>\ud83d\udd39 COD SWIFT: INGBROBU<\/p><p>\ud83d\udd39 Banca: ING Bank<\/p><p>\ud83d\udd39 Detalii plat\u0103: Dona\u021bie pentru Funda\u021bia Open Fields<\/p>\n\t\t\t\t\t<\/div>\n\t\t\t\t\t\t<\/div>\n\t\t\t\t<\/div>\n\t\t\t\t<\/div>\n\t\t<div class=\"elementor-element elementor-element-caad40e e-con-full wd-section-stretch e-flex e-con e-child\" data-id=\"caad40e\" data-element_type=\"container\" data-e-type=\"container\" data-settings=\"{&quot;background_background&quot;:&quot;classic&quot;}\">\n\t\t\t\t<div class=\"elementor-element elementor-element-f205ff2 wd-width-100 elementor-widget elementor-widget-wd_title\" data-id=\"f205ff2\" data-element_type=\"widget\" data-e-type=\"widget\" data-widget_type=\"wd_title.default\">\n\t\t\t\t<div class=\"elementor-widget-container\">\n\t\t\t\t\t\t\t<div class=\"title-wrapper wd-set-mb reset-last-child wd-title-color-default wd-title-style-bordered wd-title-size-medium text-center\">\n\n\t\t\t\n\t\t\t<div class=\"liner-continer\">\n\t\t\t\t<h4 class=\"woodmart-title-container title wd-fontsize-xl\">Cum ajut\u0103 dona\u021bia ta?<\/h4> \n\t\t\t\t\t\t\t<\/div>\n\n\t\t\t\t\t\t\t<div class=\"title-after_title reset-last-child wd-fontsize-s\">\n\t\t\t\t\t<p>Cu sprijinul t\u0103u, putem aduce mai mult\u0103 educa\u021bie, mai mult\u0103 grij\u0103 pentru oameni \u0219i un mediu mai curat.<\/p>\t\t\t\t<\/div>\n\t\t\t\t\t<\/div>\n\t\t\t\t\t\t<\/div>\n\t\t\t\t<\/div>\n\t\t\t\t<\/div>\n\t\t<div class=\"elementor-element elementor-element-26aa69d e-con-full e-flex e-con e-child\" data-id=\"26aa69d\" data-element_type=\"container\" data-e-type=\"container\">\n\t\t\t\t<div class=\"elementor-element elementor-element-3f94883 elementor-widget__width-initial elementor-widget-mobile__width-inherit wd-width-100 elementor-widget elementor-widget-wd_title\" data-id=\"3f94883\" data-element_type=\"widget\" data-e-type=\"widget\" data-widget_type=\"wd_title.default\">\n\t\t\t\t<div class=\"elementor-widget-container\">\n\t\t\t\t\t\t\t<div class=\"title-wrapper wd-set-mb reset-last-child wd-title-color-default wd-title-style-default wd-title-size-medium text-left\">\n\n\t\t\t\n\t\t\t<div class=\"liner-continer\">\n\t\t\t\t<h4 class=\"woodmart-title-container title wd-fontsize-xl\">\ud83d\udce2 Spune-le \u0219i prietenilor t\u0103i \u0219i fii parte din schimbare!<\/h4> \n\t\t\t\t\t\t\t<\/div>\n\n\t\t\t\t\t<\/div>\n\t\t\t\t\t\t<\/div>\n\t\t\t\t<\/div>\n\t\t\t\t<div class=\"elementor-element elementor-element-2c73c57 elementor-widget__width-initial elementor-widget-mobile__width-inherit elementor-widget elementor-widget-wd_text_block\" data-id=\"2c73c57\" data-element_type=\"widget\" data-e-type=\"widget\" data-widget_type=\"wd_text_block.default\">\n\t\t\t\t<div class=\"elementor-widget-container\">\n\t\t\t\t\t\t\t<div class=\"wd-text-block reset-last-child text-left\">\n\t\t\t\n\t\t\t<p><strong>Date de identificare:<\/strong> <\/p><ul><li><strong>CIF<\/strong>: <strong>11182595<\/strong>\u00b8 <\/li><li>\u00eenregistrat\u0103 \u00een Registrul Asocia\u0163iilor \u015fi Funda\u0163iilor de la Judec\u0103toria Cluj-Napoca cu nr. <strong>1217\/24.09.1998<\/strong>, <\/li><li><strong>sediu social<\/strong> \u2013 Str. Mihai Rom\u00e2nul, nr. 19, Cluj-Napoca, jud. Cluj.<\/li><\/ul>\n\t\t\t\t\t<\/div>\n\t\t\t\t\t\t<\/div>\n\t\t\t\t<\/div>\n\t\t\t\t<\/div>\n\t\t\t\t\t<\/div>\n\t\t\t\t<\/div>\n\t\t\t\t<\/div>\n\t\t","protected":false},"excerpt":{"rendered":"","protected":false},"author":1,"featured_media":0,"parent":0,"menu_order":0,"comment_status":"closed","ping_status":"closed","template":"elementor_header_footer","meta":{"footnotes":""},"class_list":["post-1219","page","type-page","status-publish","hentry"],"yoast_head":"<!-- This site is optimized with the Yoast SEO plugin v27.5 - https:\/\/yoast.com\/product\/yoast-seo-wordpress\/ -->\n<title>Doneaza online - OPEN FIELDS Foundation | Sus\u021bine comunit\u0103\u021bile<\/title>\n<meta name=\"description\" content=\"Doneaza online, sustine proiectele Open Fields Foundation prin donatii online sigure. Contribuie la educatie, mediu \u0219i sprijin pentru comunit\u0103ti vulnerabile.\" \/>\n<meta name=\"robots\" content=\"index, follow, max-snippet:-1, max-image-preview:large, max-video-preview:-1\" \/>\n<link rel=\"canonical\" href=\"https:\/\/openfields.ro\/ro\/doneaza-online\/\" \/>\n<meta property=\"og:locale\" content=\"ro_RO\" \/>\n<meta property=\"og:type\" content=\"article\" \/>\n<meta property=\"og:title\" content=\"Doneaza online - OPEN FIELDS Foundation | Sus\u021bine comunit\u0103\u021bile\" \/>\n<meta property=\"og:description\" content=\"Doneaza online, sustine proiectele Open Fields Foundation prin donatii online sigure. Contribuie la educatie, mediu \u0219i sprijin pentru comunit\u0103ti vulnerabile.\" \/>\n<meta property=\"og:url\" content=\"https:\/\/openfields.ro\/ro\/doneaza-online\/\" \/>\n<meta property=\"og:site_name\" content=\"OPEN FIELDS Foundation\" \/>\n<meta property=\"article:publisher\" content=\"https:\/\/www.facebook.com\/OpenFieldsCluj\" \/>\n<meta property=\"article:modified_time\" content=\"2025-12-18T11:11:30+00:00\" \/>\n<meta property=\"og:image\" content=\"https:\/\/openfields.ro\/wp-content\/uploads\/2025\/01\/Logo-Open-Fields-EN-Positive.png\" \/>\n\t<meta property=\"og:image:width\" content=\"2260\" \/>\n\t<meta property=\"og:image:height\" content=\"600\" \/>\n\t<meta property=\"og:image:type\" content=\"image\/png\" \/>\n<meta name=\"twitter:card\" content=\"summary_large_image\" \/>\n<meta name=\"twitter:label1\" content=\"Timp estimat pentru citire\" \/>\n\t<meta name=\"twitter:data1\" content=\"1 minut\" \/>\n<script type=\"application\/ld+json\" class=\"yoast-schema-graph\">{\"@context\":\"https:\\\/\\\/schema.org\",\"@graph\":[{\"@type\":\"WebPage\",\"@id\":\"https:\\\/\\\/openfields.ro\\\/ro\\\/doneaza-online\\\/\",\"url\":\"https:\\\/\\\/openfields.ro\\\/ro\\\/doneaza-online\\\/\",\"name\":\"Doneaza online - OPEN FIELDS Foundation | Sus\u021bine comunit\u0103\u021bile\",\"isPartOf\":{\"@id\":\"https:\\\/\\\/openfields.ro\\\/ro\\\/#website\"},\"datePublished\":\"2025-02-03T19:03:57+00:00\",\"dateModified\":\"2025-12-18T11:11:30+00:00\",\"description\":\"Doneaza online, sustine proiectele Open Fields Foundation prin donatii online sigure. Contribuie la educatie, mediu \u0219i sprijin pentru comunit\u0103ti vulnerabile.\",\"breadcrumb\":{\"@id\":\"https:\\\/\\\/openfields.ro\\\/ro\\\/doneaza-online\\\/#breadcrumb\"},\"inLanguage\":\"ro-RO\",\"potentialAction\":[{\"@type\":\"ReadAction\",\"target\":[\"https:\\\/\\\/openfields.ro\\\/ro\\\/doneaza-online\\\/\"]}]},{\"@type\":\"BreadcrumbList\",\"@id\":\"https:\\\/\\\/openfields.ro\\\/ro\\\/doneaza-online\\\/#breadcrumb\",\"itemListElement\":[{\"@type\":\"ListItem\",\"position\":1,\"name\":\"Home\",\"item\":\"https:\\\/\\\/openfields.ro\\\/ro\\\/\"},{\"@type\":\"ListItem\",\"position\":2,\"name\":\"Doneaz\u0103 online\"}]},{\"@type\":\"WebSite\",\"@id\":\"https:\\\/\\\/openfields.ro\\\/ro\\\/#website\",\"url\":\"https:\\\/\\\/openfields.ro\\\/ro\\\/\",\"name\":\"OPEN FIELDS Foundation\",\"description\":\"Caring for people and the enviroment\",\"publisher\":{\"@id\":\"https:\\\/\\\/openfields.ro\\\/ro\\\/#organization\"},\"alternateName\":\"Fundatia Open Fields\",\"potentialAction\":[{\"@type\":\"SearchAction\",\"target\":{\"@type\":\"EntryPoint\",\"urlTemplate\":\"https:\\\/\\\/openfields.ro\\\/ro\\\/?s={search_term_string}\"},\"query-input\":{\"@type\":\"PropertyValueSpecification\",\"valueRequired\":true,\"valueName\":\"search_term_string\"}}],\"inLanguage\":\"ro-RO\"},{\"@type\":\"Organization\",\"@id\":\"https:\\\/\\\/openfields.ro\\\/ro\\\/#organization\",\"name\":\"OPEN FIELDS Foundation\",\"url\":\"https:\\\/\\\/openfields.ro\\\/ro\\\/\",\"logo\":{\"@type\":\"ImageObject\",\"inLanguage\":\"ro-RO\",\"@id\":\"https:\\\/\\\/openfields.ro\\\/ro\\\/#\\\/schema\\\/logo\\\/image\\\/\",\"url\":\"https:\\\/\\\/openfields.ro\\\/wp-content\\\/uploads\\\/2025\\\/01\\\/Logo-Open-Fields-EN-Positive.png\",\"contentUrl\":\"https:\\\/\\\/openfields.ro\\\/wp-content\\\/uploads\\\/2025\\\/01\\\/Logo-Open-Fields-EN-Positive.png\",\"width\":2260,\"height\":600,\"caption\":\"OPEN FIELDS Foundation\"},\"image\":{\"@id\":\"https:\\\/\\\/openfields.ro\\\/ro\\\/#\\\/schema\\\/logo\\\/image\\\/\"},\"sameAs\":[\"https:\\\/\\\/www.facebook.com\\\/OpenFieldsCluj\",\"https:\\\/\\\/www.instagram.com\\\/fundatiaopenfields\\\/\"]}]}<\/script>\n<!-- \/ Yoast SEO plugin. -->","yoast_head_json":{"title":"Doneaza online - OPEN FIELDS Foundation | Sus\u021bine comunit\u0103\u021bile","description":"Doneaza online, sustine proiectele Open Fields Foundation prin donatii online sigure. Contribuie la educatie, mediu \u0219i sprijin pentru comunit\u0103ti vulnerabile.","robots":{"index":"index","follow":"follow","max-snippet":"max-snippet:-1","max-image-preview":"max-image-preview:large","max-video-preview":"max-video-preview:-1"},"canonical":"https:\/\/openfields.ro\/ro\/doneaza-online\/","og_locale":"ro_RO","og_type":"article","og_title":"Doneaza online - OPEN FIELDS Foundation | Sus\u021bine comunit\u0103\u021bile","og_description":"Doneaza online, sustine proiectele Open Fields Foundation prin donatii online sigure. Contribuie la educatie, mediu \u0219i sprijin pentru comunit\u0103ti vulnerabile.","og_url":"https:\/\/openfields.ro\/ro\/doneaza-online\/","og_site_name":"OPEN FIELDS Foundation","article_publisher":"https:\/\/www.facebook.com\/OpenFieldsCluj","article_modified_time":"2025-12-18T11:11:30+00:00","og_image":[{"width":2260,"height":600,"url":"https:\/\/openfields.ro\/wp-content\/uploads\/2025\/01\/Logo-Open-Fields-EN-Positive.png","type":"image\/png"}],"twitter_card":"summary_large_image","twitter_misc":{"Timp estimat pentru citire":"1 minut"},"schema":{"@context":"https:\/\/schema.org","@graph":[{"@type":"WebPage","@id":"https:\/\/openfields.ro\/ro\/doneaza-online\/","url":"https:\/\/openfields.ro\/ro\/doneaza-online\/","name":"Doneaza online - OPEN FIELDS Foundation | Sus\u021bine comunit\u0103\u021bile","isPartOf":{"@id":"https:\/\/openfields.ro\/ro\/#website"},"datePublished":"2025-02-03T19:03:57+00:00","dateModified":"2025-12-18T11:11:30+00:00","description":"Doneaza online, sustine proiectele Open Fields Foundation prin donatii online sigure. Contribuie la educatie, mediu \u0219i sprijin pentru comunit\u0103ti vulnerabile.","breadcrumb":{"@id":"https:\/\/openfields.ro\/ro\/doneaza-online\/#breadcrumb"},"inLanguage":"ro-RO","potentialAction":[{"@type":"ReadAction","target":["https:\/\/openfields.ro\/ro\/doneaza-online\/"]}]},{"@type":"BreadcrumbList","@id":"https:\/\/openfields.ro\/ro\/doneaza-online\/#breadcrumb","itemListElement":[{"@type":"ListItem","position":1,"name":"Home","item":"https:\/\/openfields.ro\/ro\/"},{"@type":"ListItem","position":2,"name":"Doneaz\u0103 online"}]},{"@type":"WebSite","@id":"https:\/\/openfields.ro\/ro\/#website","url":"https:\/\/openfields.ro\/ro\/","name":"OPEN FIELDS Foundation","description":"Caring for people and the enviroment","publisher":{"@id":"https:\/\/openfields.ro\/ro\/#organization"},"alternateName":"Fundatia Open Fields","potentialAction":[{"@type":"SearchAction","target":{"@type":"EntryPoint","urlTemplate":"https:\/\/openfields.ro\/ro\/?s={search_term_string}"},"query-input":{"@type":"PropertyValueSpecification","valueRequired":true,"valueName":"search_term_string"}}],"inLanguage":"ro-RO"},{"@type":"Organization","@id":"https:\/\/openfields.ro\/ro\/#organization","name":"OPEN FIELDS Foundation","url":"https:\/\/openfields.ro\/ro\/","logo":{"@type":"ImageObject","inLanguage":"ro-RO","@id":"https:\/\/openfields.ro\/ro\/#\/schema\/logo\/image\/","url":"https:\/\/openfields.ro\/wp-content\/uploads\/2025\/01\/Logo-Open-Fields-EN-Positive.png","contentUrl":"https:\/\/openfields.ro\/wp-content\/uploads\/2025\/01\/Logo-Open-Fields-EN-Positive.png","width":2260,"height":600,"caption":"OPEN FIELDS Foundation"},"image":{"@id":"https:\/\/openfields.ro\/ro\/#\/schema\/logo\/image\/"},"sameAs":["https:\/\/www.facebook.com\/OpenFieldsCluj","https:\/\/www.instagram.com\/fundatiaopenfields\/"]}]}},"_links":{"self":[{"href":"https:\/\/openfields.ro\/ro\/wp-json\/wp\/v2\/pages\/1219","targetHints":{"allow":["GET"]}}],"collection":[{"href":"https:\/\/openfields.ro\/ro\/wp-json\/wp\/v2\/pages"}],"about":[{"href":"https:\/\/openfields.ro\/ro\/wp-json\/wp\/v2\/types\/page"}],"author":[{"embeddable":true,"href":"https:\/\/openfields.ro\/ro\/wp-json\/wp\/v2\/users\/1"}],"replies":[{"embeddable":true,"href":"https:\/\/openfields.ro\/ro\/wp-json\/wp\/v2\/comments?post=1219"}],"version-history":[{"count":1,"href":"https:\/\/openfields.ro\/ro\/wp-json\/wp\/v2\/pages\/1219\/revisions"}],"predecessor-version":[{"id":4027,"href":"https:\/\/openfields.ro\/ro\/wp-json\/wp\/v2\/pages\/1219\/revisions\/4027"}],"wp:attachment":[{"href":"https:\/\/openfields.ro\/ro\/wp-json\/wp\/v2\/media?parent=1219"}],"curies":[{"name":"wp","href":"https:\/\/api.w.org\/{rel}","templated":true}]}}