{"id":922,"date":"2025-01-29T20:15:15","date_gmt":"2025-01-29T20:15:15","guid":{"rendered":"https:\/\/openfields.ro\/?page_id=922"},"modified":"2025-02-13T10:58:53","modified_gmt":"2025-02-13T10:58:53","slug":"fundatia-open-fields","status":"publish","type":"page","link":"https:\/\/openfields.ro\/ro\/fundatia-open-fields\/","title":{"rendered":"Funda\u021bia Open Fields"},"content":{"rendered":"\t\t<div data-elementor-type=\"wp-page\" data-elementor-id=\"922\" class=\"elementor elementor-922 elementor-925\">\n\t\t\t\t<div class=\"wd-negative-gap elementor-element elementor-element-6df4b53 e-flex e-con-boxed e-con e-parent\" data-id=\"6df4b53\" data-element_type=\"container\" data-e-type=\"container\">\n\t\t\t\t\t<div class=\"e-con-inner\">\n\t\t<div class=\"elementor-element elementor-element-88aff1c e-con-full e-flex e-con e-child\" data-id=\"88aff1c\" data-element_type=\"container\" data-e-type=\"container\">\n\t\t\t\t<div class=\"elementor-element elementor-element-7629eaf wd-width-100 elementor-widget elementor-widget-wd_title\" data-id=\"7629eaf\" data-element_type=\"widget\" data-e-type=\"widget\" data-widget_type=\"wd_title.default\">\n\t\t\t\t<div class=\"elementor-widget-container\">\n\t\t\t\t\t\t\t<div class=\"title-wrapper wd-set-mb reset-last-child wd-title-color-default wd-title-style-default wd-title-size-large text-left\">\n\n\t\t\t\n\t\t\t<div class=\"liner-continer\">\n\t\t\t\t<h4 class=\"woodmart-title-container title wd-fontsize-xxl\">Misiunea<\/h4> \n\t\t\t\t\t\t\t<\/div>\n\n\t\t\t\t\t<\/div>\n\t\t\t\t\t\t<\/div>\n\t\t\t\t<\/div>\n\t\t\t\t<\/div>\n\t\t<div class=\"elementor-element elementor-element-136fa2c e-con-full e-flex e-con e-child\" data-id=\"136fa2c\" data-element_type=\"container\" data-e-type=\"container\" data-settings=\"{&quot;background_background&quot;:&quot;classic&quot;}\">\n\t\t\t\t<div class=\"elementor-element elementor-element-1ca2c27 wd-width-100 elementor-widget elementor-widget-wd_title\" data-id=\"1ca2c27\" data-element_type=\"widget\" data-e-type=\"widget\" data-widget_type=\"wd_title.default\">\n\t\t\t\t<div class=\"elementor-widget-container\">\n\t\t\t\t\t\t\t<div class=\"title-wrapper wd-set-mb reset-last-child wd-title-color-default wd-title-style-default wd-title-size-medium text-left\">\n\n\t\t\t\n\t\t\t<div class=\"liner-continer\">\n\t\t\t\t<h4 class=\"woodmart-title-container title wd-fontsize-xl\">Misiunea Funda\u021biei Open Fields este grija pentru oameni \u0219i mediul \u00eenconjur\u0103tor.<\/h4> \n\t\t\t\t\t\t\t<\/div>\n\n\t\t\t\t\t\t\t<div class=\"title-after_title reset-last-child wd-fontsize-s\">\n\t\t\t\t\t<p>Misiunea noastr\u0103 este de a educa, sus\u021bine \u0219i inova comunit\u0103\u021bi, iar scopul este acela de a proteja oamenii \u0219i mediul, prin schimbarea \u00een bine a mentalit\u0103\u021bilor \u0219i comportamentelor.<\/p><p>Ne propunem s\u0103 facem aceste lucruri folosind resurse etice \u0219i construind proiecte durabile \u0219i sustenabile, care schimb\u0103 vie\u021bile mai multor genera\u021bii.<\/p><p>\u00cen prezent, cu ajutorul partenerilor no\u0219tri, derul\u0103m proiecte inovatoare pentru cauzele noastre, care ridic\u0103 de la an la an standardele de impact ale Funda\u021biei OPEN FIELDS.<\/p>\t\t\t\t<\/div>\n\t\t\t\t\t<\/div>\n\t\t\t\t\t\t<\/div>\n\t\t\t\t<\/div>\n\t\t\t\t<\/div>\n\t\t\t\t\t<\/div>\n\t\t\t\t<\/div>\n\t\t<div class=\"wd-negative-gap elementor-element elementor-element-e6abe12 e-flex e-con-boxed e-con e-parent\" data-id=\"e6abe12\" data-element_type=\"container\" data-e-type=\"container\">\n\t\t\t\t\t<div class=\"e-con-inner\">\n\t\t<div class=\"elementor-element elementor-element-48e95e2 e-con-full e-flex e-con e-child\" data-id=\"48e95e2\" data-element_type=\"container\" data-e-type=\"container\">\n\t\t\t\t<div class=\"elementor-element elementor-element-d927e61 wd-width-100 elementor-widget elementor-widget-wd_title\" data-id=\"d927e61\" data-element_type=\"widget\" data-e-type=\"widget\" data-widget_type=\"wd_title.default\">\n\t\t\t\t<div class=\"elementor-widget-container\">\n\t\t\t\t\t\t\t<div class=\"title-wrapper wd-set-mb reset-last-child wd-title-color-default wd-title-style-default wd-title-size-large text-left\">\n\n\t\t\t\n\t\t\t<div class=\"liner-continer\">\n\t\t\t\t<h4 class=\"woodmart-title-container title wd-fontsize-xxl\">Viziunea<\/h4> \n\t\t\t\t\t\t\t<\/div>\n\n\t\t\t\t\t<\/div>\n\t\t\t\t\t\t<\/div>\n\t\t\t\t<\/div>\n\t\t\t\t<\/div>\n\t\t<div class=\"elementor-element elementor-element-5c9546d e-con-full e-flex e-con e-child\" data-id=\"5c9546d\" data-element_type=\"container\" data-e-type=\"container\" data-settings=\"{&quot;background_background&quot;:&quot;classic&quot;}\">\n\t\t\t\t<div class=\"elementor-element elementor-element-bba26e4 wd-width-100 elementor-widget elementor-widget-wd_title\" data-id=\"bba26e4\" data-element_type=\"widget\" data-e-type=\"widget\" data-widget_type=\"wd_title.default\">\n\t\t\t\t<div class=\"elementor-widget-container\">\n\t\t\t\t\t\t\t<div class=\"title-wrapper wd-set-mb reset-last-child wd-title-color-default wd-title-style-default wd-title-size-medium text-left\">\n\n\t\t\t\n\t\t\t<div class=\"liner-continer\">\n\t\t\t\t<h4 class=\"woodmart-title-container title wd-fontsize-xl\">Viziunea Funda\u021biei Open Fields este sprijinirea comunit\u0103\u021bilor \u00een \u00eembun\u0103t\u0103\u021birea condi\u021biilor de via\u021b\u0103 \u0219i a mediului \u00eenconjur\u0103tor.<\/h4> \n\t\t\t\t\t\t\t<\/div>\n\n\t\t\t\t\t\t\t<div class=\"title-after_title reset-last-child wd-fontsize-s\">\n\t\t\t\t\t<p>Prin instruire \u0219i dezvoltare personal\u0103, Funda\u021bia Open Fields sus\u021bine comunit\u0103\u021bile \u00een identificarea valorilor comune precum \u0219i \u00een prospectarea \u0219i crearea unui viitor mai bun..<\/p><p>Ac\u021bion\u0103m \u00een parteneriat cu multe comunit\u0103\u021bi \u0219i entit\u0103\u021bi diverse pentru ob\u021binerea de rezultate durabile, motiv\u0103m \u0219i inspir\u0103m oamenii pentru a-\u0219i schimba atitudinea \u0219i a crea o lume mai bun\u0103.<\/p><p>Credem \u00een viziunea noastr\u0103 \u0219i suntem convin\u0219i c\u0103 vom amplifica impactul funda\u021biei prin scalabilitate, prin parteneriatul cu organiza\u021bii care doresc s\u0103 fac\u0103 o schimbare \u00een bine.<\/p>\t\t\t\t<\/div>\n\t\t\t\t\t<\/div>\n\t\t\t\t\t\t<\/div>\n\t\t\t\t<\/div>\n\t\t\t\t<\/div>\n\t\t\t\t\t<\/div>\n\t\t\t\t<\/div>\n\t\t<div class=\"wd-negative-gap elementor-element elementor-element-5328489 e-flex e-con-boxed e-con e-parent\" data-id=\"5328489\" data-element_type=\"container\" data-e-type=\"container\">\n\t\t\t\t\t<div class=\"e-con-inner\">\n\t\t<div class=\"elementor-element elementor-element-a01e010 e-con-full e-flex e-con e-child\" data-id=\"a01e010\" data-element_type=\"container\" data-e-type=\"container\">\n\t\t\t\t<div class=\"elementor-element elementor-element-bfac91e wd-width-100 elementor-widget elementor-widget-wd_title\" data-id=\"bfac91e\" data-element_type=\"widget\" data-e-type=\"widget\" data-widget_type=\"wd_title.default\">\n\t\t\t\t<div class=\"elementor-widget-container\">\n\t\t\t\t\t\t\t<div class=\"title-wrapper wd-set-mb reset-last-child wd-title-color-default wd-title-style-default wd-title-size-large text-left\">\n\n\t\t\t\n\t\t\t<div class=\"liner-continer\">\n\t\t\t\t<h4 class=\"woodmart-title-container title wd-fontsize-xxl\">Valori<\/h4> \n\t\t\t\t\t\t\t<\/div>\n\n\t\t\t\t\t<\/div>\n\t\t\t\t\t\t<\/div>\n\t\t\t\t<\/div>\n\t\t\t\t<\/div>\n\t\t<div class=\"elementor-element elementor-element-9fbbd64 e-con-full e-grid e-con e-child\" data-id=\"9fbbd64\" data-element_type=\"container\" data-e-type=\"container\" data-settings=\"{&quot;background_background&quot;:&quot;classic&quot;}\">\n\t\t\t\t<div class=\"elementor-element elementor-element-b06c1e2 elementor-widget elementor-widget-wd_infobox\" data-id=\"b06c1e2\" data-element_type=\"widget\" data-e-type=\"widget\" data-widget_type=\"wd_infobox.default\">\n\t\t\t\t<div class=\"elementor-widget-container\">\n\t\t\t\t\t\t\t<div class=\"info-box-wrapper\">\n\t\t\t<div class=\"wd-info-box text-left box-icon-align-left box-style-base color-scheme- wd-items-top\">\n\t\t\t\t\t\t\t\t\t<div class=\"box-icon-wrapper  box-with-text text-size-small box-icon-simple\">\n\t\t\t\t\t\t<div class=\"info-box-icon\">\n\t\t\t\t\t\t\t\t\t\t\t\t\t\t\t1\t\t\t\t\t\t\t\t\t\t\t\t\t<\/div>\n\t\t\t\t\t<\/div>\n\t\t\t\t\n\t\t\t\t<div class=\"info-box-content\">\n\t\t\t\t\t\n\t\t\t\t\t\t\t\t\t\t\t<h4\t\t\t\t\t\tclass=\"info-box-title title box-title-style-default wd-fontsize-m\" data-elementor-setting-key=\"title\">\n\t\t\t\t\t\t\t\tSPIRIT DE ECHIP\u0102 \t\t\t\t\t\t<\/h4>\n\t\t\t\t\t\n\t\t\t\t\t<div class=\"info-box-inner reset-last-child\"data-elementor-setting-key=\"content\"><p>Echipa noastr\u0103 este pozitiv\u0103, motivat\u0103 \u0219i cu un bun sim\u021b al umorului. Ne baz\u0103m \u00eentotdeauna pe onestate \u0219i feedback-ul de calitate al coechipierilor no\u0219tri, pentru c\u0103 ne pas\u0103 unul de cel\u0103lalt \u0219i ne baz\u0103m pe sprijinul oferit reciproc pentru a evolua \u0219i a cre\u0219te.<\/p>\n<\/div>\n\n\t\t\t\t\t\t\t\t\t<\/div>\n\n\t\t\t\t\t\t\t<\/div>\n\t\t<\/div>\n\t\t\t\t\t\t<\/div>\n\t\t\t\t<\/div>\n\t\t\t\t<div class=\"elementor-element elementor-element-6d2dfa3 elementor-widget elementor-widget-wd_infobox\" data-id=\"6d2dfa3\" data-element_type=\"widget\" data-e-type=\"widget\" data-widget_type=\"wd_infobox.default\">\n\t\t\t\t<div class=\"elementor-widget-container\">\n\t\t\t\t\t\t\t<div class=\"info-box-wrapper\">\n\t\t\t<div class=\"wd-info-box text-left box-icon-align-left box-style-base color-scheme- wd-items-top\">\n\t\t\t\t\t\t\t\t\t<div class=\"box-icon-wrapper  box-with-text text-size-small box-icon-simple\">\n\t\t\t\t\t\t<div class=\"info-box-icon\">\n\t\t\t\t\t\t\t\t\t\t\t\t\t\t\t2\t\t\t\t\t\t\t\t\t\t\t\t\t<\/div>\n\t\t\t\t\t<\/div>\n\t\t\t\t\n\t\t\t\t<div class=\"info-box-content\">\n\t\t\t\t\t\n\t\t\t\t\t\t\t\t\t\t\t<h4\t\t\t\t\t\tclass=\"info-box-title title box-title-style-default wd-fontsize-m\" data-elementor-setting-key=\"title\">\n\t\t\t\t\t\t\t\tINOVARE\t\t\t\t\t\t<\/h4>\n\t\t\t\t\t\n\t\t\t\t\t<div class=\"info-box-inner reset-last-child\"data-elementor-setting-key=\"content\"><p>Noi \u00eencuraj\u0103m \u0219i sus\u021binem ideile noi, studiul \u0219i cercetarea deoarece credem c\u0103 inova\u021bia este esen\u021ba evolu\u021biei. Prin activit\u0103\u021bi lunare speciale, asigur\u0103m un mediu care favorizeaz\u0103 inovarea \u0219i \u00eembun\u0103t\u0103\u021birea continu\u0103 prin analiz\u0103 \u0219i import de modele, informa\u021bii \u0219i know-how.<\/p>\n<\/div>\n\n\t\t\t\t\t\t\t\t\t<\/div>\n\n\t\t\t\t\t\t\t<\/div>\n\t\t<\/div>\n\t\t\t\t\t\t<\/div>\n\t\t\t\t<\/div>\n\t\t\t\t<div class=\"elementor-element elementor-element-90f779a elementor-widget elementor-widget-wd_infobox\" data-id=\"90f779a\" data-element_type=\"widget\" data-e-type=\"widget\" data-widget_type=\"wd_infobox.default\">\n\t\t\t\t<div class=\"elementor-widget-container\">\n\t\t\t\t\t\t\t<div class=\"info-box-wrapper\">\n\t\t\t<div class=\"wd-info-box text-left box-icon-align-left box-style-base color-scheme- wd-items-top\">\n\t\t\t\t\t\t\t\t\t<div class=\"box-icon-wrapper  box-with-text text-size-small box-icon-simple\">\n\t\t\t\t\t\t<div class=\"info-box-icon\">\n\t\t\t\t\t\t\t\t\t\t\t\t\t\t\t3\t\t\t\t\t\t\t\t\t\t\t\t\t<\/div>\n\t\t\t\t\t<\/div>\n\t\t\t\t\n\t\t\t\t<div class=\"info-box-content\">\n\t\t\t\t\t\n\t\t\t\t\t\t\t\t\t\t\t<h4\t\t\t\t\t\tclass=\"info-box-title title box-title-style-default wd-fontsize-m\" data-elementor-setting-key=\"title\">\n\t\t\t\t\t\t\t\tECHILIBRU\t\t\t\t\t\t<\/h4>\n\t\t\t\t\t\n\t\t\t\t\t<div class=\"info-box-inner reset-last-child\"data-elementor-setting-key=\"content\"><p>Valori \u0219i oameni, obiective \u0219i rezultate, standarde \u0219i realitate. Suntem oameni care muncesc \u00eempreun\u0103 pentru o cauz\u0103 comun\u0103, pe care o punem \u00eentotdeauna mai presus de lucrurile personale. Suntem deschi\u0219i la minte \u0219i implica\u021bi, iar conflictele le abord\u0103m at\u00e2t cu profesionalism, c\u00e2t \u0219i cu empatie. Respect\u0103m \u0219i \u00eembr\u0103\u021bis\u0103m diversitatea \u0219i minorit\u0103\u021bile.<\/p>\n<\/div>\n\n\t\t\t\t\t\t\t\t\t<\/div>\n\n\t\t\t\t\t\t\t<\/div>\n\t\t<\/div>\n\t\t\t\t\t\t<\/div>\n\t\t\t\t<\/div>\n\t\t\t\t<div class=\"elementor-element elementor-element-c7b94c0 elementor-widget elementor-widget-wd_infobox\" data-id=\"c7b94c0\" data-element_type=\"widget\" data-e-type=\"widget\" data-widget_type=\"wd_infobox.default\">\n\t\t\t\t<div class=\"elementor-widget-container\">\n\t\t\t\t\t\t\t<div class=\"info-box-wrapper\">\n\t\t\t<div class=\"wd-info-box text-left box-icon-align-left box-style-base color-scheme- wd-items-top\">\n\t\t\t\t\t\t\t\t\t<div class=\"box-icon-wrapper  box-with-text text-size-small box-icon-simple\">\n\t\t\t\t\t\t<div class=\"info-box-icon\">\n\t\t\t\t\t\t\t\t\t\t\t\t\t\t\t4\t\t\t\t\t\t\t\t\t\t\t\t\t<\/div>\n\t\t\t\t\t<\/div>\n\t\t\t\t\n\t\t\t\t<div class=\"info-box-content\">\n\t\t\t\t\t\n\t\t\t\t\t\t\t\t\t\t\t<h4\t\t\t\t\t\tclass=\"info-box-title title box-title-style-default wd-fontsize-m\" data-elementor-setting-key=\"title\">\n\t\t\t\t\t\t\t\tINTEGRITATE\t\t\t\t\t\t<\/h4>\n\t\t\t\t\t\n\t\t\t\t\t<div class=\"info-box-inner reset-last-child\"data-elementor-setting-key=\"content\"><p>Calit\u0103\u021bile umane joac\u0103 un rol important \u00een activitatea noastr\u0103. \u0218tim c\u0103 misiunea noastr\u0103 de a transmite mai departe mentalit\u0103\u021bi \u0219i comportamente sustenabile este posibil\u0103 numai prin sinceritate, integritate \u0219i vulnerabilitate \u00een rela\u021bia cu ceilal\u021bi. Te po\u021bi baza pe noi, ne \u021binem \u00eentotdeauna promisiunile.<\/p>\n<\/div>\n\n\t\t\t\t\t\t\t\t\t<\/div>\n\n\t\t\t\t\t\t\t<\/div>\n\t\t<\/div>\n\t\t\t\t\t\t<\/div>\n\t\t\t\t<\/div>\n\t\t\t\t<div class=\"elementor-element elementor-element-e0c62e9 elementor-widget elementor-widget-wd_infobox\" data-id=\"e0c62e9\" data-element_type=\"widget\" data-e-type=\"widget\" data-widget_type=\"wd_infobox.default\">\n\t\t\t\t<div class=\"elementor-widget-container\">\n\t\t\t\t\t\t\t<div class=\"info-box-wrapper\">\n\t\t\t<div class=\"wd-info-box text-left box-icon-align-left box-style-base color-scheme- wd-items-top\">\n\t\t\t\t\t\t\t\t\t<div class=\"box-icon-wrapper  box-with-text text-size-small box-icon-simple\">\n\t\t\t\t\t\t<div class=\"info-box-icon\">\n\t\t\t\t\t\t\t\t\t\t\t\t\t\t\t5\t\t\t\t\t\t\t\t\t\t\t\t\t<\/div>\n\t\t\t\t\t<\/div>\n\t\t\t\t\n\t\t\t\t<div class=\"info-box-content\">\n\t\t\t\t\t\n\t\t\t\t\t\t\t\t\t\t\t<h4\t\t\t\t\t\tclass=\"info-box-title title box-title-style-default wd-fontsize-m\" data-elementor-setting-key=\"title\">\n\t\t\t\t\t\t\t\tGENEROZITATE\t\t\t\t\t\t<\/h4>\n\t\t\t\t\t\n\t\t\t\t\t<div class=\"info-box-inner reset-last-child\"data-elementor-setting-key=\"content\"><p>Ne folosim de cuno\u0219tin\u021bele profesionale \u0219i abilit\u0103\u021bile de rela\u021bionare pentru a transmite mai departe informa\u021bii, bune practici \u0219i know-how. Noi observ\u0103m \u0219i ac\u021bion\u0103m. Oferim \u0219i ajut\u0103m. Ne implic\u0103m suflete\u0219te \u00een ceea ce facem, suntem flexibili \u0219i proactivi.<\/p>\n<\/div>\n\n\t\t\t\t\t\t\t\t\t<\/div>\n\n\t\t\t\t\t\t\t<\/div>\n\t\t<\/div>\n\t\t\t\t\t\t<\/div>\n\t\t\t\t<\/div>\n\t\t\t\t<div class=\"elementor-element elementor-element-1b482af elementor-widget elementor-widget-wd_infobox\" data-id=\"1b482af\" data-element_type=\"widget\" data-e-type=\"widget\" data-widget_type=\"wd_infobox.default\">\n\t\t\t\t<div class=\"elementor-widget-container\">\n\t\t\t\t\t\t\t<div class=\"info-box-wrapper\">\n\t\t\t<div class=\"wd-info-box text-left box-icon-align-left box-style-base color-scheme- wd-items-top\">\n\t\t\t\t\t\t\t\t\t<div class=\"box-icon-wrapper  box-with-text text-size-small box-icon-simple\">\n\t\t\t\t\t\t<div class=\"info-box-icon\">\n\t\t\t\t\t\t\t\t\t\t\t\t\t\t\t6\t\t\t\t\t\t\t\t\t\t\t\t\t<\/div>\n\t\t\t\t\t<\/div>\n\t\t\t\t\n\t\t\t\t<div class=\"info-box-content\">\n\t\t\t\t\t\n\t\t\t\t\t\t\t\t\t\t\t<h4\t\t\t\t\t\tclass=\"info-box-title title box-title-style-default wd-fontsize-m\" data-elementor-setting-key=\"title\">\n\t\t\t\t\t\t\t\tEXCELEN\u0162\u0102\t\t\t\t\t\t<\/h4>\n\t\t\t\t\t\n\t\t\t\t\t<div class=\"info-box-inner reset-last-child\"data-elementor-setting-key=\"content\"><p>Avem standarde profesionale ridicate, acord\u0103m aten\u021bie detaliilor \u0219i ac\u021bion\u0103m prompt \u0219i eficient. Suntem dedica\u021bi s\u0103 ne dep\u0103\u0219im limitele profesionale prin \u00eembun\u0103t\u0103\u021bire continu\u0103 \u0219i dep\u0103\u0219irea a\u0219tept\u0103rilor. Credem \u00een excelen\u021b\u0103, iar partenerii \u0219i beneficiarii no\u0219tri \u0219tiu cel mai bine asta despre noi.<\/p>\n<\/div>\n\n\t\t\t\t\t\t\t\t\t<\/div>\n\n\t\t\t\t\t\t\t<\/div>\n\t\t<\/div>\n\t\t\t\t\t\t<\/div>\n\t\t\t\t<\/div>\n\t\t\t\t<div class=\"elementor-element elementor-element-a5abae4 elementor-widget elementor-widget-wd_infobox\" data-id=\"a5abae4\" data-element_type=\"widget\" data-e-type=\"widget\" data-widget_type=\"wd_infobox.default\">\n\t\t\t\t<div class=\"elementor-widget-container\">\n\t\t\t\t\t\t\t<div class=\"info-box-wrapper\">\n\t\t\t<div class=\"wd-info-box text-left box-icon-align-left box-style-base color-scheme- wd-items-top\">\n\t\t\t\t\t\t\t\t\t<div class=\"box-icon-wrapper  box-with-text text-size-small box-icon-simple\">\n\t\t\t\t\t\t<div class=\"info-box-icon\">\n\t\t\t\t\t\t\t\t\t\t\t\t\t\t\t7\t\t\t\t\t\t\t\t\t\t\t\t\t<\/div>\n\t\t\t\t\t<\/div>\n\t\t\t\t\n\t\t\t\t<div class=\"info-box-content\">\n\t\t\t\t\t\n\t\t\t\t\t\t\t\t\t\t\t<h4\t\t\t\t\t\tclass=\"info-box-title title box-title-style-default wd-fontsize-m\" data-elementor-setting-key=\"title\">\n\t\t\t\t\t\t\t\tSUSTENABILITATE \t\t\t\t\t\t<\/h4>\n\t\t\t\t\t\n\t\t\t\t\t<div class=\"info-box-inner reset-last-child\"data-elementor-setting-key=\"content\"><p>Avem un portofoliu bazat pe replicabilitate \u0219i scalabilitate, cu modele transparente \u0219i accesibile, care implic\u0103 sus\u021binerea comunit\u0103\u021bii prin educa\u021bie, microfinan\u021bare \u0219i resurse. Transmitem informa\u021bii, know-how \u0219i bune practici prin intermediul fiec\u0103rui beneficiar, al fiec\u0103rui partener \u0219i al fiec\u0103rui membru al echipei care este perfect con\u0219tient c\u0103 rolul s\u0103u definitoriu este de a transmite mesajul nostru mai departe.<\/p>\n<\/div>\n\n\t\t\t\t\t\t\t\t\t<\/div>\n\n\t\t\t\t\t\t\t<\/div>\n\t\t<\/div>\n\t\t\t\t\t\t<\/div>\n\t\t\t\t<\/div>\n\t\t\t\t<\/div>\n\t\t\t\t\t<\/div>\n\t\t\t\t<\/div>\n\t\t\t\t<\/div>\n\t\t","protected":false},"excerpt":{"rendered":"<p>Misiunea Misiunea Funda\u021biei Open Fields este grija pentru oameni \u0219i mediul \u00eenconjur\u0103tor. Misiunea noastr\u0103 este de a educa, sus\u021bine \u0219i<\/p>\n","protected":false},"author":1,"featured_media":0,"parent":0,"menu_order":0,"comment_status":"closed","ping_status":"closed","template":"elementor_header_footer","meta":{"footnotes":""},"class_list":["post-922","page","type-page","status-publish","hentry"],"yoast_head":"<!-- This site is optimized with the Yoast SEO plugin v27.4 - https:\/\/yoast.com\/product\/yoast-seo-wordpress\/ -->\n<title>Funda\u021bia Open Fields - OPEN FIELDS Foundation<\/title>\n<meta name=\"robots\" content=\"index, follow, max-snippet:-1, max-image-preview:large, max-video-preview:-1\" \/>\n<link rel=\"canonical\" href=\"https:\/\/openfields.ro\/ro\/fundatia-open-fields\/\" \/>\n<meta property=\"og:locale\" content=\"ro_RO\" \/>\n<meta property=\"og:type\" content=\"article\" \/>\n<meta property=\"og:title\" content=\"Funda\u021bia Open Fields - OPEN FIELDS Foundation\" \/>\n<meta property=\"og:description\" content=\"Misiunea Misiunea Funda\u021biei Open Fields este grija pentru oameni \u0219i mediul \u00eenconjur\u0103tor. Misiunea noastr\u0103 este de a educa, sus\u021bine \u0219i\" \/>\n<meta property=\"og:url\" content=\"https:\/\/openfields.ro\/ro\/fundatia-open-fields\/\" \/>\n<meta property=\"og:site_name\" content=\"OPEN FIELDS Foundation\" \/>\n<meta property=\"article:publisher\" content=\"https:\/\/www.facebook.com\/OpenFieldsCluj\" \/>\n<meta property=\"article:modified_time\" content=\"2025-02-13T10:58:53+00:00\" \/>\n<meta property=\"og:image\" content=\"https:\/\/openfields.ro\/wp-content\/uploads\/2025\/01\/Logo-Open-Fields-EN-Positive.png\" \/>\n\t<meta property=\"og:image:width\" content=\"2260\" \/>\n\t<meta property=\"og:image:height\" content=\"600\" \/>\n\t<meta property=\"og:image:type\" content=\"image\/png\" \/>\n<meta name=\"twitter:card\" content=\"summary_large_image\" \/>\n<meta name=\"twitter:label1\" content=\"Timp estimat pentru citire\" \/>\n\t<meta name=\"twitter:data1\" content=\"3 minute\" \/>\n<script type=\"application\/ld+json\" class=\"yoast-schema-graph\">{\"@context\":\"https:\\\/\\\/schema.org\",\"@graph\":[{\"@type\":\"WebPage\",\"@id\":\"https:\\\/\\\/openfields.ro\\\/ro\\\/fundatia-open-fields\\\/\",\"url\":\"https:\\\/\\\/openfields.ro\\\/ro\\\/fundatia-open-fields\\\/\",\"name\":\"Funda\u021bia Open Fields - OPEN FIELDS Foundation\",\"isPartOf\":{\"@id\":\"https:\\\/\\\/openfields.ro\\\/ro\\\/#website\"},\"datePublished\":\"2025-01-29T20:15:15+00:00\",\"dateModified\":\"2025-02-13T10:58:53+00:00\",\"breadcrumb\":{\"@id\":\"https:\\\/\\\/openfields.ro\\\/ro\\\/fundatia-open-fields\\\/#breadcrumb\"},\"inLanguage\":\"ro-RO\",\"potentialAction\":[{\"@type\":\"ReadAction\",\"target\":[\"https:\\\/\\\/openfields.ro\\\/ro\\\/fundatia-open-fields\\\/\"]}]},{\"@type\":\"BreadcrumbList\",\"@id\":\"https:\\\/\\\/openfields.ro\\\/ro\\\/fundatia-open-fields\\\/#breadcrumb\",\"itemListElement\":[{\"@type\":\"ListItem\",\"position\":1,\"name\":\"Home\",\"item\":\"https:\\\/\\\/openfields.ro\\\/ro\\\/\"},{\"@type\":\"ListItem\",\"position\":2,\"name\":\"Funda\u021bia Open Fields\"}]},{\"@type\":\"WebSite\",\"@id\":\"https:\\\/\\\/openfields.ro\\\/ro\\\/#website\",\"url\":\"https:\\\/\\\/openfields.ro\\\/ro\\\/\",\"name\":\"OPEN FIELDS Foundation\",\"description\":\"Caring for people and the enviroment\",\"publisher\":{\"@id\":\"https:\\\/\\\/openfields.ro\\\/ro\\\/#organization\"},\"alternateName\":\"Fundatia Open Fields\",\"potentialAction\":[{\"@type\":\"SearchAction\",\"target\":{\"@type\":\"EntryPoint\",\"urlTemplate\":\"https:\\\/\\\/openfields.ro\\\/ro\\\/?s={search_term_string}\"},\"query-input\":{\"@type\":\"PropertyValueSpecification\",\"valueRequired\":true,\"valueName\":\"search_term_string\"}}],\"inLanguage\":\"ro-RO\"},{\"@type\":\"Organization\",\"@id\":\"https:\\\/\\\/openfields.ro\\\/ro\\\/#organization\",\"name\":\"OPEN FIELDS Foundation\",\"url\":\"https:\\\/\\\/openfields.ro\\\/ro\\\/\",\"logo\":{\"@type\":\"ImageObject\",\"inLanguage\":\"ro-RO\",\"@id\":\"https:\\\/\\\/openfields.ro\\\/ro\\\/#\\\/schema\\\/logo\\\/image\\\/\",\"url\":\"https:\\\/\\\/openfields.ro\\\/wp-content\\\/uploads\\\/2025\\\/01\\\/Logo-Open-Fields-EN-Positive.png\",\"contentUrl\":\"https:\\\/\\\/openfields.ro\\\/wp-content\\\/uploads\\\/2025\\\/01\\\/Logo-Open-Fields-EN-Positive.png\",\"width\":2260,\"height\":600,\"caption\":\"OPEN FIELDS Foundation\"},\"image\":{\"@id\":\"https:\\\/\\\/openfields.ro\\\/ro\\\/#\\\/schema\\\/logo\\\/image\\\/\"},\"sameAs\":[\"https:\\\/\\\/www.facebook.com\\\/OpenFieldsCluj\",\"https:\\\/\\\/www.instagram.com\\\/fundatiaopenfields\\\/\"]}]}<\/script>\n<!-- \/ Yoast SEO plugin. -->","yoast_head_json":{"title":"Funda\u021bia Open Fields - OPEN FIELDS Foundation","robots":{"index":"index","follow":"follow","max-snippet":"max-snippet:-1","max-image-preview":"max-image-preview:large","max-video-preview":"max-video-preview:-1"},"canonical":"https:\/\/openfields.ro\/ro\/fundatia-open-fields\/","og_locale":"ro_RO","og_type":"article","og_title":"Funda\u021bia Open Fields - OPEN FIELDS Foundation","og_description":"Misiunea Misiunea Funda\u021biei Open Fields este grija pentru oameni \u0219i mediul \u00eenconjur\u0103tor. Misiunea noastr\u0103 este de a educa, sus\u021bine \u0219i","og_url":"https:\/\/openfields.ro\/ro\/fundatia-open-fields\/","og_site_name":"OPEN FIELDS Foundation","article_publisher":"https:\/\/www.facebook.com\/OpenFieldsCluj","article_modified_time":"2025-02-13T10:58:53+00:00","og_image":[{"width":2260,"height":600,"url":"https:\/\/openfields.ro\/wp-content\/uploads\/2025\/01\/Logo-Open-Fields-EN-Positive.png","type":"image\/png"}],"twitter_card":"summary_large_image","twitter_misc":{"Timp estimat pentru citire":"3 minute"},"schema":{"@context":"https:\/\/schema.org","@graph":[{"@type":"WebPage","@id":"https:\/\/openfields.ro\/ro\/fundatia-open-fields\/","url":"https:\/\/openfields.ro\/ro\/fundatia-open-fields\/","name":"Funda\u021bia Open Fields - OPEN FIELDS Foundation","isPartOf":{"@id":"https:\/\/openfields.ro\/ro\/#website"},"datePublished":"2025-01-29T20:15:15+00:00","dateModified":"2025-02-13T10:58:53+00:00","breadcrumb":{"@id":"https:\/\/openfields.ro\/ro\/fundatia-open-fields\/#breadcrumb"},"inLanguage":"ro-RO","potentialAction":[{"@type":"ReadAction","target":["https:\/\/openfields.ro\/ro\/fundatia-open-fields\/"]}]},{"@type":"BreadcrumbList","@id":"https:\/\/openfields.ro\/ro\/fundatia-open-fields\/#breadcrumb","itemListElement":[{"@type":"ListItem","position":1,"name":"Home","item":"https:\/\/openfields.ro\/ro\/"},{"@type":"ListItem","position":2,"name":"Funda\u021bia Open Fields"}]},{"@type":"WebSite","@id":"https:\/\/openfields.ro\/ro\/#website","url":"https:\/\/openfields.ro\/ro\/","name":"OPEN FIELDS Foundation","description":"Caring for people and the enviroment","publisher":{"@id":"https:\/\/openfields.ro\/ro\/#organization"},"alternateName":"Fundatia Open Fields","potentialAction":[{"@type":"SearchAction","target":{"@type":"EntryPoint","urlTemplate":"https:\/\/openfields.ro\/ro\/?s={search_term_string}"},"query-input":{"@type":"PropertyValueSpecification","valueRequired":true,"valueName":"search_term_string"}}],"inLanguage":"ro-RO"},{"@type":"Organization","@id":"https:\/\/openfields.ro\/ro\/#organization","name":"OPEN FIELDS Foundation","url":"https:\/\/openfields.ro\/ro\/","logo":{"@type":"ImageObject","inLanguage":"ro-RO","@id":"https:\/\/openfields.ro\/ro\/#\/schema\/logo\/image\/","url":"https:\/\/openfields.ro\/wp-content\/uploads\/2025\/01\/Logo-Open-Fields-EN-Positive.png","contentUrl":"https:\/\/openfields.ro\/wp-content\/uploads\/2025\/01\/Logo-Open-Fields-EN-Positive.png","width":2260,"height":600,"caption":"OPEN FIELDS Foundation"},"image":{"@id":"https:\/\/openfields.ro\/ro\/#\/schema\/logo\/image\/"},"sameAs":["https:\/\/www.facebook.com\/OpenFieldsCluj","https:\/\/www.instagram.com\/fundatiaopenfields\/"]}]}},"_links":{"self":[{"href":"https:\/\/openfields.ro\/ro\/wp-json\/wp\/v2\/pages\/922","targetHints":{"allow":["GET"]}}],"collection":[{"href":"https:\/\/openfields.ro\/ro\/wp-json\/wp\/v2\/pages"}],"about":[{"href":"https:\/\/openfields.ro\/ro\/wp-json\/wp\/v2\/types\/page"}],"author":[{"embeddable":true,"href":"https:\/\/openfields.ro\/ro\/wp-json\/wp\/v2\/users\/1"}],"replies":[{"embeddable":true,"href":"https:\/\/openfields.ro\/ro\/wp-json\/wp\/v2\/comments?post=922"}],"version-history":[{"count":0,"href":"https:\/\/openfields.ro\/ro\/wp-json\/wp\/v2\/pages\/922\/revisions"}],"wp:attachment":[{"href":"https:\/\/openfields.ro\/ro\/wp-json\/wp\/v2\/media?parent=922"}],"curies":[{"name":"wp","href":"https:\/\/api.w.org\/{rel}","templated":true}]}}