{"id":3466,"date":"2025-11-17T09:40:55","date_gmt":"2025-11-17T09:40:55","guid":{"rendered":"https:\/\/openfields.ro\/?post_type=product&#038;p=3466"},"modified":"2025-11-27T09:27:27","modified_gmt":"2025-11-27T09:27:27","slug":"flexible-donation-amount","status":"publish","type":"product","link":"https:\/\/openfields.ro\/ro\/product\/flexible-donation-amount\/","title":{"rendered":"Alege suma dona\u021biei tale \u00een RON \u2029 Choose your donation amount in RON"},"content":{"rendered":"<p>&nbsp;<\/p>\n<p>Pe aceast\u0103 pagin\u0103, pute\u021bi introduce propria sum\u0103 folosind op\u021biunea noastr\u0103 flexibil\u0103 de dona\u021bie. Fiecare act de generozitate sus\u021bine oamenii, protejeaz\u0103 mediul \u0219i consolideaz\u0103 proiecte care creeaz\u0103 un impact de lung\u0103 durat\u0103. <strong><a href=\"https:\/\/btepos.ro\/e-commerce\" target=\"_blank\" rel=\"noopener\">BT iPay<\/a><\/strong> v\u0103 proceseaz\u0103 dona\u021bia \u00een siguran\u021b\u0103. Acest sistem de plat\u0103 online securizat, oferit de <strong><a href=\"https:\/\/www.bancatransilvania.ro\/\" target=\"_blank\" rel=\"noopener\">Banca Transilvania<\/a><\/strong>, asigur\u0103 o experien\u021b\u0103 de \u00eencredere \u0219i f\u0103r\u0103 probleme. Pute\u021bi dona 10 RON, 500 RON sau orice sum\u0103 personalizat\u0103 care reflect\u0103 inten\u021bia dumneavoastr\u0103. Sprijinul dumneavoastr\u0103 sus\u021bine misiunea noastr\u0103 \u0219i aduce o schimbare real\u0103 comunit\u0103\u021bilor pe care le deservim.<\/p>\n<p>V\u0103 mul\u021bumim c\u0103 sunte\u021bi al\u0103turi de noi \u0219i ne ajuta\u021bi s\u0103 construim <strong><a href=\"https:\/\/openfields.ro\">un viitor mai bun<\/a><\/strong>.<\/p>\n<p>On this page, you can enter your own amount using our flexible donation option. Every act of generosity supports people, protects the environment and strengthens projects that create a long-lasting impact. <strong><a href=\"https:\/\/btepos.ro\/e-commerce\" target=\"_blank\" rel=\"noopener\">BT iPay<\/a><\/strong>\u00a0processes your donation safely. This secure online payment system, offered by\u00a0<strong><a href=\"https:\/\/www.bancatransilvania.ro\/\" target=\"_blank\" rel=\"noopener\">Banca Transilvania<\/a><\/strong>, ensures a trusted and seamless experience. You can donate 10 RON, 500 RON or any personalized amount that reflects your intention. Your support supports our mission and brings real change to the communities we serve.<\/p>\n<p>Thank you for being with us and helping us build a <strong><a href=\"https:\/\/openfields.ro\">better future<\/a>.<\/strong><\/p>\n","protected":false},"excerpt":{"rendered":"<p>&nbsp; Pe aceast\u0103 pagin\u0103, pute\u021bi introduce propria sum\u0103 folosind op\u021biunea noastr\u0103 flexibil\u0103 de dona\u021bie. Fiecare act de generozitate sus\u021bine oamenii,<\/p>\n","protected":false},"featured_media":865,"comment_status":"open","ping_status":"closed","template":"","meta":[],"product_brand":[],"product_cat":[15],"product_tag":[],"class_list":{"0":"post-3466","1":"product","2":"type-product","3":"status-publish","4":"has-post-thumbnail","6":"product_cat-card-donations","8":"first","9":"instock","10":"sold-individually","11":"shipping-taxable","12":"purchasable","13":"product-type-simple"},"yoast_head":"<!-- This site is optimized with the Yoast SEO plugin v27.4 - https:\/\/yoast.com\/product\/yoast-seo-wordpress\/ -->\n<title>Flexible Donation Amount \u2013 Support OPEN FIELDS Foundation<\/title>\n<meta name=\"description\" content=\"Choose a flexible donation amount and support impactful projects that help people and protect the environment. Secure payment processing with BT iPay.\" \/>\n<meta name=\"robots\" content=\"index, follow, max-snippet:-1, max-image-preview:large, max-video-preview:-1\" \/>\n<link rel=\"canonical\" href=\"https:\/\/openfields.ro\/ro\/product\/flexible-donation-amount\/\" \/>\n<meta property=\"og:locale\" content=\"ro_RO\" \/>\n<meta property=\"og:type\" content=\"article\" \/>\n<meta property=\"og:title\" content=\"Flexible Donation Amount \u2013 Support OPEN FIELDS Foundation\" \/>\n<meta property=\"og:description\" content=\"Choose a flexible donation amount and support impactful projects that help people and protect the environment. Secure payment processing with BT iPay.\" \/>\n<meta property=\"og:url\" content=\"https:\/\/openfields.ro\/ro\/product\/flexible-donation-amount\/\" \/>\n<meta property=\"og:site_name\" content=\"OPEN FIELDS Foundation\" \/>\n<meta property=\"article:publisher\" content=\"https:\/\/www.facebook.com\/OpenFieldsCluj\" \/>\n<meta property=\"article:modified_time\" content=\"2025-11-27T09:27:27+00:00\" \/>\n<meta property=\"og:image\" content=\"https:\/\/openfields.ro\/wp-content\/uploads\/2025\/01\/img_2832-2-6.jpg\" \/>\n\t<meta property=\"og:image:width\" content=\"2000\" \/>\n\t<meta property=\"og:image:height\" content=\"1333\" \/>\n\t<meta property=\"og:image:type\" content=\"image\/jpeg\" \/>\n<meta name=\"twitter:card\" content=\"summary_large_image\" \/>\n<meta name=\"twitter:label1\" content=\"Timp estimat pentru citire\" \/>\n\t<meta name=\"twitter:data1\" content=\"2 minute\" \/>\n<script type=\"application\/ld+json\" class=\"yoast-schema-graph\">{\"@context\":\"https:\\\/\\\/schema.org\",\"@graph\":[{\"@type\":\"WebPage\",\"@id\":\"https:\\\/\\\/openfields.ro\\\/ro\\\/product\\\/flexible-donation-amount\\\/\",\"url\":\"https:\\\/\\\/openfields.ro\\\/ro\\\/product\\\/flexible-donation-amount\\\/\",\"name\":\"Flexible Donation Amount \u2013 Support OPEN FIELDS Foundation\",\"isPartOf\":{\"@id\":\"https:\\\/\\\/openfields.ro\\\/ro\\\/#website\"},\"primaryImageOfPage\":{\"@id\":\"https:\\\/\\\/openfields.ro\\\/ro\\\/product\\\/flexible-donation-amount\\\/#primaryimage\"},\"image\":{\"@id\":\"https:\\\/\\\/openfields.ro\\\/ro\\\/product\\\/flexible-donation-amount\\\/#primaryimage\"},\"thumbnailUrl\":\"https:\\\/\\\/openfields.ro\\\/wp-content\\\/uploads\\\/2025\\\/01\\\/img_2832-2-6.jpg\",\"datePublished\":\"2025-11-17T09:40:55+00:00\",\"dateModified\":\"2025-11-27T09:27:27+00:00\",\"description\":\"Choose a flexible donation amount and support impactful projects that help people and protect the environment. Secure payment processing with BT iPay.\",\"breadcrumb\":{\"@id\":\"https:\\\/\\\/openfields.ro\\\/ro\\\/product\\\/flexible-donation-amount\\\/#breadcrumb\"},\"inLanguage\":\"ro-RO\",\"potentialAction\":[{\"@type\":\"ReadAction\",\"target\":[\"https:\\\/\\\/openfields.ro\\\/ro\\\/product\\\/flexible-donation-amount\\\/\"]}]},{\"@type\":\"ImageObject\",\"inLanguage\":\"ro-RO\",\"@id\":\"https:\\\/\\\/openfields.ro\\\/ro\\\/product\\\/flexible-donation-amount\\\/#primaryimage\",\"url\":\"https:\\\/\\\/openfields.ro\\\/wp-content\\\/uploads\\\/2025\\\/01\\\/img_2832-2-6.jpg\",\"contentUrl\":\"https:\\\/\\\/openfields.ro\\\/wp-content\\\/uploads\\\/2025\\\/01\\\/img_2832-2-6.jpg\",\"width\":2000,\"height\":1333,\"caption\":\"Alege o sum\u0103 flexibil\u0103 pentru dona\u021bii \u0219i sus\u021bine proiecte cu impact care ajut\u0103 oamenii \u0219i protejeaz\u0103 mediul. Procesare securizat\u0103 a pl\u0103\u021bilor cu BT iPay.\"},{\"@type\":\"BreadcrumbList\",\"@id\":\"https:\\\/\\\/openfields.ro\\\/ro\\\/product\\\/flexible-donation-amount\\\/#breadcrumb\",\"itemListElement\":[{\"@type\":\"ListItem\",\"position\":1,\"name\":\"Home\",\"item\":\"https:\\\/\\\/openfields.ro\\\/ro\\\/\"},{\"@type\":\"ListItem\",\"position\":2,\"name\":\"Donate\",\"item\":\"https:\\\/\\\/openfields.ro\\\/?page_id=3817\"},{\"@type\":\"ListItem\",\"position\":3,\"name\":\"Alege suma dona\u021biei tale \u00een RON \\u2029 Choose your donation amount in RON\"}]},{\"@type\":\"WebSite\",\"@id\":\"https:\\\/\\\/openfields.ro\\\/ro\\\/#website\",\"url\":\"https:\\\/\\\/openfields.ro\\\/ro\\\/\",\"name\":\"OPEN FIELDS Foundation\",\"description\":\"Caring for people and the enviroment\",\"publisher\":{\"@id\":\"https:\\\/\\\/openfields.ro\\\/ro\\\/#organization\"},\"alternateName\":\"Fundatia Open Fields\",\"potentialAction\":[{\"@type\":\"SearchAction\",\"target\":{\"@type\":\"EntryPoint\",\"urlTemplate\":\"https:\\\/\\\/openfields.ro\\\/ro\\\/?s={search_term_string}\"},\"query-input\":{\"@type\":\"PropertyValueSpecification\",\"valueRequired\":true,\"valueName\":\"search_term_string\"}}],\"inLanguage\":\"ro-RO\"},{\"@type\":\"Organization\",\"@id\":\"https:\\\/\\\/openfields.ro\\\/ro\\\/#organization\",\"name\":\"OPEN FIELDS Foundation\",\"url\":\"https:\\\/\\\/openfields.ro\\\/ro\\\/\",\"logo\":{\"@type\":\"ImageObject\",\"inLanguage\":\"ro-RO\",\"@id\":\"https:\\\/\\\/openfields.ro\\\/ro\\\/#\\\/schema\\\/logo\\\/image\\\/\",\"url\":\"https:\\\/\\\/openfields.ro\\\/wp-content\\\/uploads\\\/2025\\\/01\\\/Logo-Open-Fields-EN-Positive.png\",\"contentUrl\":\"https:\\\/\\\/openfields.ro\\\/wp-content\\\/uploads\\\/2025\\\/01\\\/Logo-Open-Fields-EN-Positive.png\",\"width\":2260,\"height\":600,\"caption\":\"OPEN FIELDS Foundation\"},\"image\":{\"@id\":\"https:\\\/\\\/openfields.ro\\\/ro\\\/#\\\/schema\\\/logo\\\/image\\\/\"},\"sameAs\":[\"https:\\\/\\\/www.facebook.com\\\/OpenFieldsCluj\",\"https:\\\/\\\/www.instagram.com\\\/fundatiaopenfields\\\/\"]}]}<\/script>\n<!-- \/ Yoast SEO plugin. -->","yoast_head_json":{"title":"Flexible Donation Amount \u2013 Support OPEN FIELDS Foundation","description":"Choose a flexible donation amount and support impactful projects that help people and protect the environment. Secure payment processing with BT iPay.","robots":{"index":"index","follow":"follow","max-snippet":"max-snippet:-1","max-image-preview":"max-image-preview:large","max-video-preview":"max-video-preview:-1"},"canonical":"https:\/\/openfields.ro\/ro\/product\/flexible-donation-amount\/","og_locale":"ro_RO","og_type":"article","og_title":"Flexible Donation Amount \u2013 Support OPEN FIELDS Foundation","og_description":"Choose a flexible donation amount and support impactful projects that help people and protect the environment. Secure payment processing with BT iPay.","og_url":"https:\/\/openfields.ro\/ro\/product\/flexible-donation-amount\/","og_site_name":"OPEN FIELDS Foundation","article_publisher":"https:\/\/www.facebook.com\/OpenFieldsCluj","article_modified_time":"2025-11-27T09:27:27+00:00","og_image":[{"width":2000,"height":1333,"url":"https:\/\/openfields.ro\/wp-content\/uploads\/2025\/01\/img_2832-2-6.jpg","type":"image\/jpeg"}],"twitter_card":"summary_large_image","twitter_misc":{"Timp estimat pentru citire":"2 minute"},"schema":{"@context":"https:\/\/schema.org","@graph":[{"@type":"WebPage","@id":"https:\/\/openfields.ro\/ro\/product\/flexible-donation-amount\/","url":"https:\/\/openfields.ro\/ro\/product\/flexible-donation-amount\/","name":"Flexible Donation Amount \u2013 Support OPEN FIELDS Foundation","isPartOf":{"@id":"https:\/\/openfields.ro\/ro\/#website"},"primaryImageOfPage":{"@id":"https:\/\/openfields.ro\/ro\/product\/flexible-donation-amount\/#primaryimage"},"image":{"@id":"https:\/\/openfields.ro\/ro\/product\/flexible-donation-amount\/#primaryimage"},"thumbnailUrl":"https:\/\/openfields.ro\/wp-content\/uploads\/2025\/01\/img_2832-2-6.jpg","datePublished":"2025-11-17T09:40:55+00:00","dateModified":"2025-11-27T09:27:27+00:00","description":"Choose a flexible donation amount and support impactful projects that help people and protect the environment. Secure payment processing with BT iPay.","breadcrumb":{"@id":"https:\/\/openfields.ro\/ro\/product\/flexible-donation-amount\/#breadcrumb"},"inLanguage":"ro-RO","potentialAction":[{"@type":"ReadAction","target":["https:\/\/openfields.ro\/ro\/product\/flexible-donation-amount\/"]}]},{"@type":"ImageObject","inLanguage":"ro-RO","@id":"https:\/\/openfields.ro\/ro\/product\/flexible-donation-amount\/#primaryimage","url":"https:\/\/openfields.ro\/wp-content\/uploads\/2025\/01\/img_2832-2-6.jpg","contentUrl":"https:\/\/openfields.ro\/wp-content\/uploads\/2025\/01\/img_2832-2-6.jpg","width":2000,"height":1333,"caption":"Alege o sum\u0103 flexibil\u0103 pentru dona\u021bii \u0219i sus\u021bine proiecte cu impact care ajut\u0103 oamenii \u0219i protejeaz\u0103 mediul. Procesare securizat\u0103 a pl\u0103\u021bilor cu BT iPay."},{"@type":"BreadcrumbList","@id":"https:\/\/openfields.ro\/ro\/product\/flexible-donation-amount\/#breadcrumb","itemListElement":[{"@type":"ListItem","position":1,"name":"Home","item":"https:\/\/openfields.ro\/ro\/"},{"@type":"ListItem","position":2,"name":"Donate","item":"https:\/\/openfields.ro\/?page_id=3817"},{"@type":"ListItem","position":3,"name":"Alege suma dona\u021biei tale \u00een RON \u2029 Choose your donation amount in RON"}]},{"@type":"WebSite","@id":"https:\/\/openfields.ro\/ro\/#website","url":"https:\/\/openfields.ro\/ro\/","name":"OPEN FIELDS Foundation","description":"Caring for people and the enviroment","publisher":{"@id":"https:\/\/openfields.ro\/ro\/#organization"},"alternateName":"Fundatia Open Fields","potentialAction":[{"@type":"SearchAction","target":{"@type":"EntryPoint","urlTemplate":"https:\/\/openfields.ro\/ro\/?s={search_term_string}"},"query-input":{"@type":"PropertyValueSpecification","valueRequired":true,"valueName":"search_term_string"}}],"inLanguage":"ro-RO"},{"@type":"Organization","@id":"https:\/\/openfields.ro\/ro\/#organization","name":"OPEN FIELDS Foundation","url":"https:\/\/openfields.ro\/ro\/","logo":{"@type":"ImageObject","inLanguage":"ro-RO","@id":"https:\/\/openfields.ro\/ro\/#\/schema\/logo\/image\/","url":"https:\/\/openfields.ro\/wp-content\/uploads\/2025\/01\/Logo-Open-Fields-EN-Positive.png","contentUrl":"https:\/\/openfields.ro\/wp-content\/uploads\/2025\/01\/Logo-Open-Fields-EN-Positive.png","width":2260,"height":600,"caption":"OPEN FIELDS Foundation"},"image":{"@id":"https:\/\/openfields.ro\/ro\/#\/schema\/logo\/image\/"},"sameAs":["https:\/\/www.facebook.com\/OpenFieldsCluj","https:\/\/www.instagram.com\/fundatiaopenfields\/"]}]}},"_links":{"self":[{"href":"https:\/\/openfields.ro\/ro\/wp-json\/wp\/v2\/product\/3466","targetHints":{"allow":["GET"]}}],"collection":[{"href":"https:\/\/openfields.ro\/ro\/wp-json\/wp\/v2\/product"}],"about":[{"href":"https:\/\/openfields.ro\/ro\/wp-json\/wp\/v2\/types\/product"}],"replies":[{"embeddable":true,"href":"https:\/\/openfields.ro\/ro\/wp-json\/wp\/v2\/comments?post=3466"}],"wp:featuredmedia":[{"embeddable":true,"href":"https:\/\/openfields.ro\/ro\/wp-json\/wp\/v2\/media\/865"}],"wp:attachment":[{"href":"https:\/\/openfields.ro\/ro\/wp-json\/wp\/v2\/media?parent=3466"}],"wp:term":[{"taxonomy":"product_brand","embeddable":true,"href":"https:\/\/openfields.ro\/ro\/wp-json\/wp\/v2\/product_brand?post=3466"},{"taxonomy":"product_cat","embeddable":true,"href":"https:\/\/openfields.ro\/ro\/wp-json\/wp\/v2\/product_cat?post=3466"},{"taxonomy":"product_tag","embeddable":true,"href":"https:\/\/openfields.ro\/ro\/wp-json\/wp\/v2\/product_tag?post=3466"}],"curies":[{"name":"wp","href":"https:\/\/api.w.org\/{rel}","templated":true}]}}